{"id":10020,"date":"2025-03-28T13:54:35","date_gmt":"2025-03-28T13:54:35","guid":{"rendered":"https:\/\/bevrijdingsmuseumzeeland.nl\/geschichten-zeugnisse\/"},"modified":"2025-03-28T15:06:34","modified_gmt":"2025-03-28T15:06:34","slug":"geschichten-zeugnisse","status":"publish","type":"page","link":"https:\/\/bevrijdingsmuseumzeeland.nl\/de\/geschichten-zeugnisse\/","title":{"rendered":"Geschichten &amp; Zeugnisse"},"content":{"rendered":"\t\t<div data-elementor-type=\"wp-page\" data-elementor-id=\"10020\" class=\"elementor elementor-10020 elementor-9954\" data-elementor-post-type=\"page\">\n\t\t\t\t\t\t<section class=\"elementor-section elementor-top-section elementor-element elementor-element-fa53b75 elementor-section-boxed elementor-section-height-default elementor-section-height-default elementor-invisible\" data-id=\"fa53b75\" data-element_type=\"section\" data-e-type=\"section\" data-settings=\"{&quot;animation&quot;:&quot;fadeInUp&quot;}\">\n\t\t\t\t\t\t<div class=\"elementor-container elementor-column-gap-default\">\n\t\t\t\t\t<div class=\"elementor-column elementor-col-50 elementor-top-column elementor-element elementor-element-bf8700f\" data-id=\"bf8700f\" data-element_type=\"column\" data-e-type=\"column\">\n\t\t\t<div class=\"elementor-widget-wrap elementor-element-populated\">\n\t\t\t\t\t\t<section class=\"elementor-section elementor-inner-section elementor-element elementor-element-eda7f95 elementor-section-boxed elementor-section-height-default elementor-section-height-default\" data-id=\"eda7f95\" data-element_type=\"section\" data-e-type=\"section\">\n\t\t\t\t\t\t<div class=\"elementor-container elementor-column-gap-default\">\n\t\t\t\t\t<div class=\"elementor-column elementor-col-50 elementor-inner-column elementor-element elementor-element-d4086d0\" data-id=\"d4086d0\" data-element_type=\"column\" data-e-type=\"column\">\n\t\t\t<div class=\"elementor-widget-wrap elementor-element-populated\">\n\t\t\t\t\t\t<div class=\"elementor-element elementor-element-a259fb3 hover-img elementor-widget elementor-widget-image\" data-id=\"a259fb3\" data-element_type=\"widget\" data-e-type=\"widget\" data-widget_type=\"image.default\">\n\t\t\t\t<div class=\"elementor-widget-container\">\n\t\t\t\t\t\t\t\t\t\t\t\t\t\t\t<img fetchpriority=\"high\" decoding=\"async\" width=\"310\" height=\"460\" src=\"https:\/\/bevrijdingsmuseumzeeland.nl\/wp-content\/uploads\/2025\/03\/verhalen-getuigenissen-01-1.jpg\" class=\"attachment-large size-large wp-image-9964\" alt=\"\" srcset=\"https:\/\/bevrijdingsmuseumzeeland.nl\/wp-content\/uploads\/2025\/03\/verhalen-getuigenissen-01-1.jpg 310w, https:\/\/bevrijdingsmuseumzeeland.nl\/wp-content\/uploads\/2025\/03\/verhalen-getuigenissen-01-1-202x300.jpg 202w\" sizes=\"(max-width: 310px) 100vw, 310px\" \/>\t\t\t\t\t\t\t\t\t\t\t\t\t\t\t<\/div>\n\t\t\t\t<\/div>\n\t\t\t\t\t<\/div>\n\t\t<\/div>\n\t\t\t\t<div class=\"elementor-column elementor-col-50 elementor-inner-column elementor-element elementor-element-2708d2a elementor-hidden-mobile\" data-id=\"2708d2a\" data-element_type=\"column\" data-e-type=\"column\">\n\t\t\t<div class=\"elementor-widget-wrap elementor-element-populated\">\n\t\t\t\t\t\t<div class=\"elementor-element elementor-element-b831307 hover-img elementor-widget elementor-widget-image\" data-id=\"b831307\" data-element_type=\"widget\" data-e-type=\"widget\" data-widget_type=\"image.default\">\n\t\t\t\t<div class=\"elementor-widget-container\">\n\t\t\t\t\t\t\t\t\t\t\t\t\t\t\t<img decoding=\"async\" width=\"310\" height=\"460\" src=\"https:\/\/bevrijdingsmuseumzeeland.nl\/wp-content\/uploads\/2025\/03\/verhalen-getuigenissen-02.jpg\" class=\"attachment-large size-large wp-image-9970\" alt=\"\" srcset=\"https:\/\/bevrijdingsmuseumzeeland.nl\/wp-content\/uploads\/2025\/03\/verhalen-getuigenissen-02.jpg 310w, https:\/\/bevrijdingsmuseumzeeland.nl\/wp-content\/uploads\/2025\/03\/verhalen-getuigenissen-02-202x300.jpg 202w\" sizes=\"(max-width: 310px) 100vw, 310px\" \/>\t\t\t\t\t\t\t\t\t\t\t\t\t\t\t<\/div>\n\t\t\t\t<\/div>\n\t\t\t\t\t<\/div>\n\t\t<\/div>\n\t\t\t\t\t<\/div>\n\t\t<\/section>\n\t\t\t\t\t<\/div>\n\t\t<\/div>\n\t\t\t\t<div class=\"elementor-column elementor-col-50 elementor-top-column elementor-element elementor-element-1304b51 text-margin\" data-id=\"1304b51\" data-element_type=\"column\" data-e-type=\"column\">\n\t\t\t<div class=\"elementor-widget-wrap elementor-element-populated\">\n\t\t\t\t\t\t<div class=\"elementor-element elementor-element-889cfa4 elementor-widget elementor-widget-heading\" data-id=\"889cfa4\" data-element_type=\"widget\" data-e-type=\"widget\" data-widget_type=\"heading.default\">\n\t\t\t\t<div class=\"elementor-widget-container\">\n\t\t\t\t\t<h2 class=\"elementor-heading-title elementor-size-default\">Erinnerungen an Krieg und \u00dcbersee<\/h2>\t\t\t\t<\/div>\n\t\t\t\t<\/div>\n\t\t\t\t<div class=\"elementor-element elementor-element-c8b58e4 elementor-widget elementor-widget-text-editor\" data-id=\"c8b58e4\" data-element_type=\"widget\" data-e-type=\"widget\" data-widget_type=\"text-editor.default\">\n\t\t\t\t<div class=\"elementor-widget-container\">\n\t\t\t\t\t\t\t\t\t<p class=\"\" data-start=\"141\" data-end=\"494\">In dieser Rubrik l\u00e4sst das Bevrijdingsmuseum Zeeland den Krieg durch pers\u00f6nliche Geschichten lebendig werden. Hier lesen Sie eindrucksvolle Zeugnisse von Menschen, die den Zweiten Weltkrieg in Zeeland hautnah erlebt haben. Ihre Erinnerungen geben der Geschichte ein Gesicht und zeigen, wie tiefgreifend der Krieg Jung und Alt gepr\u00e4gt hat.  <\/p>\n<p class=\"\" data-start=\"496\" data-end=\"804\">Neben diesen Zeitzeugenberichten finden Sie hier auch die besondere Geschichte des <strong data-start=\"575\" data-end=\"595\">Zeeland-Bataillons<\/strong>: einer Gruppe zeel\u00e4ndischer Freiwilliger, die sich nach der Befreiung der Niederlande meldeten und nach Niederl\u00e4ndisch-Indien entsandt wurden. Ihr Einsatz bildet ein weniger bekanntes, aber bedeutendes Kapitel unserer Nachkriegsgeschichte. <\/p>\n<p>Gemeinsam erz\u00e4hlen diese Geschichten, wie der Krieg erlebt wurde, was die Menschen durchgemacht haben und wie ihre Erfahrungen bis heute nachwirken.<\/p>\n\t\t\t\t\t\t\t\t<\/div>\n\t\t\t\t<\/div>\n\t\t\t\t\t<\/div>\n\t\t<\/div>\n\t\t\t\t\t<\/div>\n\t\t<\/section>\n\t\t<div class=\"elementor-element elementor-element-0da02f0 e-flex e-con-boxed e-con e-parent\" data-id=\"0da02f0\" data-element_type=\"container\" data-e-type=\"container\">\n\t\t\t\t\t<div class=\"e-con-inner\">\n\t\t<div class=\"elementor-element elementor-element-0185d87 e-con-full e-flex elementor-invisible e-con e-child\" data-id=\"0185d87\" data-element_type=\"container\" data-e-type=\"container\" data-settings=\"{&quot;animation&quot;:&quot;fadeInUp&quot;}\">\n\t\t<div class=\"elementor-element elementor-element-9b98f2f e-con-full cms-border-01 e-flex e-con e-child\" data-id=\"9b98f2f\" data-element_type=\"container\" data-e-type=\"container\">\n\t\t<div class=\"elementor-element elementor-element-ebaec6e e-con-full e-flex e-con e-child\" data-id=\"ebaec6e\" data-element_type=\"container\" data-e-type=\"container\">\n\t\t<div class=\"elementor-element elementor-element-c7f8b36 e-con-full e-flex e-con e-child\" data-id=\"c7f8b36\" data-element_type=\"container\" data-e-type=\"container\">\n\t\t\t\t<div class=\"elementor-element elementor-element-1a424e6 elementor-widget elementor-widget-heading\" data-id=\"1a424e6\" data-element_type=\"widget\" data-e-type=\"widget\" data-widget_type=\"heading.default\">\n\t\t\t\t<div class=\"elementor-widget-container\">\n\t\t\t\t\t<h2 class=\"elementor-heading-title elementor-size-default\">ZEITZEUGENBERICHTE<\/h2>\t\t\t\t<\/div>\n\t\t\t\t<\/div>\n\t\t\t\t<div class=\"elementor-element elementor-element-8a66bea elementor-widget__width-auto icon-fill hover-content elementor-view-default elementor-widget elementor-widget-icon\" data-id=\"8a66bea\" data-element_type=\"widget\" data-e-type=\"widget\" data-widget_type=\"icon.default\">\n\t\t\t\t<div class=\"elementor-widget-container\">\n\t\t\t\t\t\t\t<div class=\"elementor-icon-wrapper\">\n\t\t\t<a class=\"elementor-icon\" href=\"https:\/\/bevrijdingsmuseumzeeland.nl\/de\/augenzeugen-erzaehlen\/\">\n\t\t\t<svg xmlns=\"http:\/\/www.w3.org\/2000\/svg\" width=\"24\" height=\"24\" viewBox=\"0 0 24 24\" fill=\"none\" stroke=\"currentColor\" stroke-width=\"2\" stroke-linecap=\"round\" stroke-linejoin=\"round\" class=\"feather feather-arrow-up-right\"><line x1=\"7\" y1=\"17\" x2=\"17\" y2=\"7\"><\/line><polyline points=\"7 7 17 7 17 17\"><\/polyline><\/svg>\t\t\t<\/a>\n\t\t<\/div>\n\t\t\t\t\t\t<\/div>\n\t\t\t\t<\/div>\n\t\t\t\t<\/div>\n\t\t\t\t<\/div>\n\t\t\t\t<div class=\"elementor-element elementor-element-2f2bd37 hover-img elementor-widget elementor-widget-image\" data-id=\"2f2bd37\" data-element_type=\"widget\" data-e-type=\"widget\" data-widget_type=\"image.default\">\n\t\t\t\t<div class=\"elementor-widget-container\">\n\t\t\t\t\t\t\t\t\t\t\t\t\t\t\t\t<a href=\"https:\/\/bevrijdingsmuseumzeeland.nl\/de\/augenzeugen-erzaehlen\/\">\n\t\t\t\t\t\t\t<img decoding=\"async\" width=\"640\" height=\"419\" src=\"https:\/\/bevrijdingsmuseumzeeland.nl\/wp-content\/uploads\/2025\/03\/verhalen-getuigenissen-03.jpg\" class=\"attachment-large size-large wp-image-10001\" alt=\"\" srcset=\"https:\/\/bevrijdingsmuseumzeeland.nl\/wp-content\/uploads\/2025\/03\/verhalen-getuigenissen-03.jpg 1006w, https:\/\/bevrijdingsmuseumzeeland.nl\/wp-content\/uploads\/2025\/03\/verhalen-getuigenissen-03-300x197.jpg 300w, https:\/\/bevrijdingsmuseumzeeland.nl\/wp-content\/uploads\/2025\/03\/verhalen-getuigenissen-03-768x503.jpg 768w, https:\/\/bevrijdingsmuseumzeeland.nl\/wp-content\/uploads\/2025\/03\/verhalen-getuigenissen-03-600x393.jpg 600w\" sizes=\"(max-width: 640px) 100vw, 640px\" \/>\t\t\t\t\t\t\t\t<\/a>\n\t\t\t\t\t\t\t\t\t\t\t\t\t\t\t<\/div>\n\t\t\t\t<\/div>\n\t\t\t\t<div class=\"elementor-element elementor-element-cfe25cd elementor-widget elementor-widget-text-editor\" data-id=\"cfe25cd\" data-element_type=\"widget\" data-e-type=\"widget\" data-widget_type=\"text-editor.default\">\n\t\t\t\t<div class=\"elementor-widget-container\">\n\t\t\t\t\t\t\t\t\t<p>In dieser Reihe teilen Menschen aus Zeeland ihre Erinnerungen an den Zweiten Weltkrieg. Geschichten voller Angst, Verlust, aber auch Mut und Hoffnung \u2013 greifbare Zeugnisse f\u00fcr kommende Generationen. <\/p>\n\t\t\t\t\t\t\t\t<\/div>\n\t\t\t\t<\/div>\n\t\t\t\t<\/div>\n\t\t<div class=\"elementor-element elementor-element-4923835 e-con-full cms-border-02 e-flex e-con e-child\" data-id=\"4923835\" data-element_type=\"container\" data-e-type=\"container\">\n\t\t<div class=\"elementor-element elementor-element-cb714e9 e-con-full e-flex e-con e-child\" data-id=\"cb714e9\" data-element_type=\"container\" data-e-type=\"container\">\n\t\t<div class=\"elementor-element elementor-element-07e0bf0 e-con-full e-flex e-con e-child\" data-id=\"07e0bf0\" data-element_type=\"container\" data-e-type=\"container\">\n\t\t\t\t<div class=\"elementor-element elementor-element-2defd7c elementor-widget elementor-widget-heading\" data-id=\"2defd7c\" data-element_type=\"widget\" data-e-type=\"widget\" data-widget_type=\"heading.default\">\n\t\t\t\t<div class=\"elementor-widget-container\">\n\t\t\t\t\t<h2 class=\"elementor-heading-title elementor-size-default\">BATAILLON ZEELAND<\/h2>\t\t\t\t<\/div>\n\t\t\t\t<\/div>\n\t\t\t\t<div class=\"elementor-element elementor-element-fef085a elementor-widget__width-auto icon-fill hover-content elementor-view-default elementor-widget elementor-widget-icon\" data-id=\"fef085a\" data-element_type=\"widget\" data-e-type=\"widget\" data-widget_type=\"icon.default\">\n\t\t\t\t<div class=\"elementor-widget-container\">\n\t\t\t\t\t\t\t<div class=\"elementor-icon-wrapper\">\n\t\t\t<a class=\"elementor-icon\" href=\"https:\/\/bevrijdingsmuseumzeeland.nl\/bataljon-zeeland\/\">\n\t\t\t<svg xmlns=\"http:\/\/www.w3.org\/2000\/svg\" width=\"24\" height=\"24\" viewBox=\"0 0 24 24\" fill=\"none\" stroke=\"currentColor\" stroke-width=\"2\" stroke-linecap=\"round\" stroke-linejoin=\"round\" class=\"feather feather-arrow-up-right\"><line x1=\"7\" y1=\"17\" x2=\"17\" y2=\"7\"><\/line><polyline points=\"7 7 17 7 17 17\"><\/polyline><\/svg>\t\t\t<\/a>\n\t\t<\/div>\n\t\t\t\t\t\t<\/div>\n\t\t\t\t<\/div>\n\t\t\t\t<\/div>\n\t\t\t\t<\/div>\n\t\t\t\t<div class=\"elementor-element elementor-element-3bf265d hover-img elementor-widget elementor-widget-image\" data-id=\"3bf265d\" data-element_type=\"widget\" data-e-type=\"widget\" data-widget_type=\"image.default\">\n\t\t\t\t<div class=\"elementor-widget-container\">\n\t\t\t\t\t\t\t\t\t\t\t\t\t\t\t\t<a href=\"https:\/\/bevrijdingsmuseumzeeland.nl\/bataljon-zeeland\/\">\n\t\t\t\t\t\t\t<img loading=\"lazy\" decoding=\"async\" width=\"640\" height=\"419\" src=\"https:\/\/bevrijdingsmuseumzeeland.nl\/wp-content\/uploads\/2025\/03\/verhalen-getuigenissen-04.jpg\" class=\"attachment-large size-large wp-image-10005\" alt=\"\" srcset=\"https:\/\/bevrijdingsmuseumzeeland.nl\/wp-content\/uploads\/2025\/03\/verhalen-getuigenissen-04.jpg 1006w, https:\/\/bevrijdingsmuseumzeeland.nl\/wp-content\/uploads\/2025\/03\/verhalen-getuigenissen-04-300x197.jpg 300w, https:\/\/bevrijdingsmuseumzeeland.nl\/wp-content\/uploads\/2025\/03\/verhalen-getuigenissen-04-768x503.jpg 768w, https:\/\/bevrijdingsmuseumzeeland.nl\/wp-content\/uploads\/2025\/03\/verhalen-getuigenissen-04-600x393.jpg 600w\" sizes=\"(max-width: 640px) 100vw, 640px\" \/>\t\t\t\t\t\t\t\t<\/a>\n\t\t\t\t\t\t\t\t\t\t\t\t\t\t\t<\/div>\n\t\t\t\t<\/div>\n\t\t\t\t<div class=\"elementor-element elementor-element-23eb95c elementor-widget elementor-widget-text-editor\" data-id=\"23eb95c\" data-element_type=\"widget\" data-e-type=\"widget\" data-widget_type=\"text-editor.default\">\n\t\t\t\t<div class=\"elementor-widget-container\">\n\t\t\t\t\t\t\t\t\t<p>Nach der Befreiung schlossen sich Hunderte von Zeel\u00e4ndern dem Bataillon Zeeland an. Als Freiwillige wurden sie nach Niederl\u00e4ndisch-Indien entsandt \u2013 eine wenig bekannte, aber bedeutende Nachkriegsgeschichte. <\/p>\n\t\t\t\t\t\t\t\t<\/div>\n\t\t\t\t<\/div>\n\t\t\t\t<\/div>\n\t\t<div class=\"elementor-element elementor-element-d114c19 e-con-full cms-border-03 e-flex e-con e-child\" data-id=\"d114c19\" data-element_type=\"container\" data-e-type=\"container\">\n\t\t<div class=\"elementor-element elementor-element-ba80da9 e-con-full e-flex e-con e-child\" data-id=\"ba80da9\" data-element_type=\"container\" data-e-type=\"container\">\n\t\t<div class=\"elementor-element elementor-element-7c91862 e-con-full e-flex e-con e-child\" data-id=\"7c91862\" data-element_type=\"container\" data-e-type=\"container\">\n\t\t\t\t<div class=\"elementor-element elementor-element-ffe9ba7 elementor-widget elementor-widget-heading\" data-id=\"ffe9ba7\" data-element_type=\"widget\" data-e-type=\"widget\" data-widget_type=\"heading.default\">\n\t\t\t\t<div class=\"elementor-widget-container\">\n\t\t\t\t\t<h2 class=\"elementor-heading-title elementor-size-default\">KRIEGSOPFER <\/h2>\t\t\t\t<\/div>\n\t\t\t\t<\/div>\n\t\t\t\t<div class=\"elementor-element elementor-element-b9e8e0d elementor-widget__width-auto icon-fill hover-content elementor-view-default elementor-widget elementor-widget-icon\" data-id=\"b9e8e0d\" data-element_type=\"widget\" data-e-type=\"widget\" data-widget_type=\"icon.default\">\n\t\t\t\t<div class=\"elementor-widget-container\">\n\t\t\t\t\t\t\t<div class=\"elementor-icon-wrapper\">\n\t\t\t<a class=\"elementor-icon\" href=\"https:\/\/oorlogsslachtofferszeeland.nl\/\">\n\t\t\t<svg xmlns=\"http:\/\/www.w3.org\/2000\/svg\" width=\"24\" height=\"24\" viewBox=\"0 0 24 24\" fill=\"none\" stroke=\"currentColor\" stroke-width=\"2\" stroke-linecap=\"round\" stroke-linejoin=\"round\" class=\"feather feather-arrow-up-right\"><line x1=\"7\" y1=\"17\" x2=\"17\" y2=\"7\"><\/line><polyline points=\"7 7 17 7 17 17\"><\/polyline><\/svg>\t\t\t<\/a>\n\t\t<\/div>\n\t\t\t\t\t\t<\/div>\n\t\t\t\t<\/div>\n\t\t\t\t<\/div>\n\t\t\t\t<\/div>\n\t\t\t\t<div class=\"elementor-element elementor-element-b560b99 hover-img elementor-widget elementor-widget-image\" data-id=\"b560b99\" data-element_type=\"widget\" data-e-type=\"widget\" data-widget_type=\"image.default\">\n\t\t\t\t<div class=\"elementor-widget-container\">\n\t\t\t\t\t\t\t\t\t\t\t\t\t\t\t\t<a href=\"https:\/\/oorlogsslachtofferszeeland.nl\/\">\n\t\t\t\t\t\t\t<img loading=\"lazy\" decoding=\"async\" width=\"640\" height=\"419\" src=\"https:\/\/bevrijdingsmuseumzeeland.nl\/wp-content\/uploads\/2025\/03\/verhalen-getuigenissen-05.jpg\" class=\"attachment-large size-large wp-image-10011\" alt=\"\" srcset=\"https:\/\/bevrijdingsmuseumzeeland.nl\/wp-content\/uploads\/2025\/03\/verhalen-getuigenissen-05.jpg 1006w, https:\/\/bevrijdingsmuseumzeeland.nl\/wp-content\/uploads\/2025\/03\/verhalen-getuigenissen-05-300x197.jpg 300w, https:\/\/bevrijdingsmuseumzeeland.nl\/wp-content\/uploads\/2025\/03\/verhalen-getuigenissen-05-768x503.jpg 768w, https:\/\/bevrijdingsmuseumzeeland.nl\/wp-content\/uploads\/2025\/03\/verhalen-getuigenissen-05-600x393.jpg 600w\" sizes=\"(max-width: 640px) 100vw, 640px\" \/>\t\t\t\t\t\t\t\t<\/a>\n\t\t\t\t\t\t\t\t\t\t\t\t\t\t\t<\/div>\n\t\t\t\t<\/div>\n\t\t\t\t<div class=\"elementor-element elementor-element-0901d87 elementor-widget elementor-widget-text-editor\" data-id=\"0901d87\" data-element_type=\"widget\" data-e-type=\"widget\" data-widget_type=\"text-editor.default\">\n\t\t\t\t<div class=\"elementor-widget-container\">\n\t\t\t\t\t\t\t\t\t<p data-start=\"126\" data-end=\"307\">Auf dieser Website finden Sie die Namen und Geschichten zeel\u00e4ndischer Kriegsopfer. Ein bleibendes Andenken an jene, die w\u00e4hrend des Zweiten Weltkriegs in oder durch den Krieg in Zeeland ihr Leben verloren haben. <\/p>\n\t\t\t\t\t\t\t\t<\/div>\n\t\t\t\t<\/div>\n\t\t\t\t<\/div>\n\t\t\t\t<\/div>\n\t\t\t\t\t<\/div>\n\t\t\t\t<\/div>\n\t\t\t\t<\/div>\n\t\t","protected":false},"excerpt":{"rendered":"<p>Erinnerungen an Krieg und \u00dcbersee In dieser Rubrik l\u00e4sst das Bevrijdingsmuseum Zeeland den Krieg durch pers\u00f6nliche Geschichten lebendig werden. Hier [&hellip;]<\/p>\n","protected":false},"author":1,"featured_media":0,"parent":0,"menu_order":0,"comment_status":"closed","ping_status":"closed","template":"","meta":{"om_disable_all_campaigns":false,"_monsterinsights_skip_tracking":false,"_monsterinsights_sitenote_active":false,"_monsterinsights_sitenote_note":"","_monsterinsights_sitenote_category":0,"_uf_show_specific_survey":0,"_uf_disable_surveys":false,"footnotes":""},"class_list":["post-10020","page","type-page","status-publish","hentry"],"aioseo_notices":[],"_links":{"self":[{"href":"https:\/\/bevrijdingsmuseumzeeland.nl\/de\/wp-json\/wp\/v2\/pages\/10020","targetHints":{"allow":["GET"]}}],"collection":[{"href":"https:\/\/bevrijdingsmuseumzeeland.nl\/de\/wp-json\/wp\/v2\/pages"}],"about":[{"href":"https:\/\/bevrijdingsmuseumzeeland.nl\/de\/wp-json\/wp\/v2\/types\/page"}],"author":[{"embeddable":true,"href":"https:\/\/bevrijdingsmuseumzeeland.nl\/de\/wp-json\/wp\/v2\/users\/1"}],"replies":[{"embeddable":true,"href":"https:\/\/bevrijdingsmuseumzeeland.nl\/de\/wp-json\/wp\/v2\/comments?post=10020"}],"version-history":[{"count":1,"href":"https:\/\/bevrijdingsmuseumzeeland.nl\/de\/wp-json\/wp\/v2\/pages\/10020\/revisions"}],"predecessor-version":[{"id":10021,"href":"https:\/\/bevrijdingsmuseumzeeland.nl\/de\/wp-json\/wp\/v2\/pages\/10020\/revisions\/10021"}],"wp:attachment":[{"href":"https:\/\/bevrijdingsmuseumzeeland.nl\/de\/wp-json\/wp\/v2\/media?parent=10020"}],"curies":[{"name":"wp","href":"https:\/\/api.w.org\/{rel}","templated":true}]}}