{"id":3923,"date":"2024-07-03T14:11:43","date_gmt":"2024-07-03T14:11:43","guid":{"rendered":"https:\/\/bevrijdingsmuseumzeeland.nl\/rundbrief\/"},"modified":"2024-07-11T07:08:46","modified_gmt":"2024-07-11T07:08:46","slug":"rundbrief","status":"publish","type":"page","link":"https:\/\/bevrijdingsmuseumzeeland.nl\/de\/rundbrief\/","title":{"rendered":"Rundbrief"},"content":{"rendered":"\t\t<div data-elementor-type=\"wp-page\" data-elementor-id=\"3923\" class=\"elementor elementor-3923 elementor-3595\" data-elementor-post-type=\"page\">\n\t\t\t\t\t\t<section class=\"elementor-section elementor-top-section elementor-element elementor-element-fa53b75 elementor-section-boxed elementor-section-height-default elementor-section-height-default elementor-invisible\" data-id=\"fa53b75\" data-element_type=\"section\" data-e-type=\"section\" data-settings=\"{&quot;animation&quot;:&quot;fadeInUp&quot;}\">\n\t\t\t\t\t\t<div class=\"elementor-container elementor-column-gap-default\">\n\t\t\t\t\t<div class=\"elementor-column elementor-col-50 elementor-top-column elementor-element elementor-element-bf8700f\" data-id=\"bf8700f\" data-element_type=\"column\" data-e-type=\"column\">\n\t\t\t<div class=\"elementor-widget-wrap elementor-element-populated\">\n\t\t\t\t\t\t<section class=\"elementor-section elementor-inner-section elementor-element elementor-element-eda7f95 elementor-section-boxed elementor-section-height-default elementor-section-height-default\" data-id=\"eda7f95\" data-element_type=\"section\" data-e-type=\"section\">\n\t\t\t\t\t\t<div class=\"elementor-container elementor-column-gap-default\">\n\t\t\t\t\t<div class=\"elementor-column elementor-col-50 elementor-inner-column elementor-element elementor-element-d4086d0\" data-id=\"d4086d0\" data-element_type=\"column\" data-e-type=\"column\">\n\t\t\t<div class=\"elementor-widget-wrap elementor-element-populated\">\n\t\t\t\t\t\t<div class=\"elementor-element elementor-element-a259fb3 hover-img elementor-widget elementor-widget-image\" data-id=\"a259fb3\" data-element_type=\"widget\" data-e-type=\"widget\" data-widget_type=\"image.default\">\n\t\t\t\t<div class=\"elementor-widget-container\">\n\t\t\t\t\t\t\t\t\t\t\t\t\t\t\t<img fetchpriority=\"high\" decoding=\"async\" width=\"310\" height=\"460\" src=\"https:\/\/bevrijdingsmuseumzeeland.nl\/wp-content\/uploads\/2024\/07\/nieuwsbrief-01.jpg\" class=\"attachment-large size-large wp-image-3606\" alt=\"\" srcset=\"https:\/\/bevrijdingsmuseumzeeland.nl\/wp-content\/uploads\/2024\/07\/nieuwsbrief-01.jpg 310w, https:\/\/bevrijdingsmuseumzeeland.nl\/wp-content\/uploads\/2024\/07\/nieuwsbrief-01-202x300.jpg 202w\" sizes=\"(max-width: 310px) 100vw, 310px\" \/>\t\t\t\t\t\t\t\t\t\t\t\t\t\t\t<\/div>\n\t\t\t\t<\/div>\n\t\t\t\t\t<\/div>\n\t\t<\/div>\n\t\t\t\t<div class=\"elementor-column elementor-col-50 elementor-inner-column elementor-element elementor-element-2708d2a elementor-hidden-mobile\" data-id=\"2708d2a\" data-element_type=\"column\" data-e-type=\"column\">\n\t\t\t<div class=\"elementor-widget-wrap elementor-element-populated\">\n\t\t\t\t\t\t<div class=\"elementor-element elementor-element-b831307 hover-img elementor-widget elementor-widget-image\" data-id=\"b831307\" data-element_type=\"widget\" data-e-type=\"widget\" data-widget_type=\"image.default\">\n\t\t\t\t<div class=\"elementor-widget-container\">\n\t\t\t\t\t\t\t\t\t\t\t\t\t\t\t<img decoding=\"async\" width=\"310\" height=\"460\" src=\"https:\/\/bevrijdingsmuseumzeeland.nl\/wp-content\/uploads\/2024\/07\/nieuwsbrief-02.jpg\" class=\"attachment-large size-large wp-image-3603\" alt=\"\" srcset=\"https:\/\/bevrijdingsmuseumzeeland.nl\/wp-content\/uploads\/2024\/07\/nieuwsbrief-02.jpg 310w, https:\/\/bevrijdingsmuseumzeeland.nl\/wp-content\/uploads\/2024\/07\/nieuwsbrief-02-202x300.jpg 202w\" sizes=\"(max-width: 310px) 100vw, 310px\" \/>\t\t\t\t\t\t\t\t\t\t\t\t\t\t\t<\/div>\n\t\t\t\t<\/div>\n\t\t\t\t\t<\/div>\n\t\t<\/div>\n\t\t\t\t\t<\/div>\n\t\t<\/section>\n\t\t\t\t\t<\/div>\n\t\t<\/div>\n\t\t\t\t<div class=\"elementor-column elementor-col-50 elementor-top-column elementor-element elementor-element-1304b51 text-margin\" data-id=\"1304b51\" data-element_type=\"column\" data-e-type=\"column\">\n\t\t\t<div class=\"elementor-widget-wrap elementor-element-populated\">\n\t\t\t\t\t\t<div class=\"elementor-element elementor-element-889cfa4 elementor-widget elementor-widget-heading\" data-id=\"889cfa4\" data-element_type=\"widget\" data-e-type=\"widget\" data-widget_type=\"heading.default\">\n\t\t\t\t<div class=\"elementor-widget-container\">\n\t\t\t\t\t<h2 class=\"elementor-heading-title elementor-size-default\">Melden Sie sich f\u00fcr unseren Newsletter an!<\/h2>\t\t\t\t<\/div>\n\t\t\t\t<\/div>\n\t\t\t\t<div class=\"elementor-element elementor-element-c8b58e4 elementor-widget elementor-widget-text-editor\" data-id=\"c8b58e4\" data-element_type=\"widget\" data-e-type=\"widget\" data-widget_type=\"text-editor.default\">\n\t\t\t\t<div class=\"elementor-widget-container\">\n\t\t\t\t\t\t\t\t\t<p>Wir senden mehrmals im Jahr den Bevrijdingsmuseum Zeeland Newsletter mit \u00fcberraschenden Ank\u00fcndigungen, neuen Ausstellungen, spannenden Aktivit\u00e4ten und vielem mehr. So verpassen Sie nichts, was in unserem Museum passiert.<\/p>\n<\/p>\n<p>Wir fragen nur nach den Informationen, die notwendig sind, um Ihnen den Newsletter zusenden zu k\u00f6nnen. Ihre Daten werden sicher gespeichert und Sie k\u00f6nnen sich jederzeit einfach abmelden, wenn Sie den Newsletter nicht mehr erhalten m\u00f6chten.<\/p><\/p>\n\t\t\t\t\t\t\t\t<\/div>\n\t\t\t\t<\/div>\n\t\t\t\t<div class=\"elementor-element elementor-element-244ffa7 form-width short-form elementor-widget elementor-widget-shortcode\" data-id=\"244ffa7\" data-element_type=\"widget\" data-e-type=\"widget\" data-widget_type=\"shortcode.default\">\n\t\t\t\t<div class=\"elementor-widget-container\">\n\t\t\t\t\t\t\t<div class=\"elementor-shortcode\">\n<div class=\"wpcf7 no-js\" id=\"wpcf7-f2301-o1\" lang=\"de-DE\" dir=\"ltr\" data-wpcf7-id=\"2301\">\n<div class=\"screen-reader-response\"><p role=\"status\" aria-live=\"polite\" aria-atomic=\"true\"><\/p> <ul><\/ul><\/div>\n<form action=\"\/de\/wp-json\/wp\/v2\/pages\/3923#wpcf7-f2301-o1\" method=\"post\" class=\"wpcf7-form init\" aria-label=\"Kontaktformular\" novalidate=\"novalidate\" data-status=\"init\">\n<fieldset class=\"hidden-fields-container\"><input type=\"hidden\" name=\"_wpcf7\" value=\"2301\" \/><input type=\"hidden\" name=\"_wpcf7_version\" value=\"6.1.5\" \/><input type=\"hidden\" name=\"_wpcf7_locale\" value=\"de_DE\" \/><input type=\"hidden\" name=\"_wpcf7_unit_tag\" value=\"wpcf7-f2301-o1\" \/><input type=\"hidden\" name=\"_wpcf7_container_post\" value=\"0\" \/><input type=\"hidden\" name=\"_wpcf7_posted_data_hash\" value=\"\" \/><input type=\"hidden\" name=\"_wpcf7_recaptcha_response\" value=\"\" \/>\n<\/fieldset>\n<p><label> Your name<br \/>\n<span class=\"wpcf7-form-control-wrap\" data-name=\"your-name\"><input size=\"40\" maxlength=\"400\" class=\"wpcf7-form-control wpcf7-text wpcf7-validates-as-required\" autocomplete=\"name\" aria-required=\"true\" aria-invalid=\"false\" value=\"\" type=\"text\" name=\"your-name\" \/><\/span> <\/label>\n<\/p>\n<p><label> Your email<br \/>\n<span class=\"wpcf7-form-control-wrap\" data-name=\"your-email\"><input size=\"40\" maxlength=\"400\" class=\"wpcf7-form-control wpcf7-email wpcf7-validates-as-required wpcf7-text wpcf7-validates-as-email\" autocomplete=\"email\" aria-required=\"true\" aria-invalid=\"false\" value=\"\" type=\"email\" name=\"your-email\" \/><\/span> <\/label><br \/>\n<span class=\"wpcf7-form-control-wrap\" data-name=\"acceptance-355\"><span class=\"wpcf7-form-control wpcf7-acceptance\"><span class=\"wpcf7-list-item\"><label><input type=\"checkbox\" name=\"acceptance-355\" value=\"1\" aria-invalid=\"false\" \/><span class=\"wpcf7-list-item-label\">You must agree with <a href=\"..\/privacy-policy\/\" target=\"_blank\">Privacy Policy<\/a> to proceed.<\/span><\/label><\/span><\/span><\/span><br \/>\n<span class=\"wpcf7-form-control-wrap recaptcha\" data-name=\"recaptcha\"><span data-sitekey=\"6LfzREcqAAAAAKerOnkPijwSTV-K73Kv7uxISXM2\" class=\"wpcf7-form-control wpcf7-recaptcha g-recaptcha\"><\/span>\r\n<noscript>\r\n\t<div class=\"grecaptcha-noscript\">\r\n\t\t<iframe src=\"https:\/\/www.google.com\/recaptcha\/api\/fallback?k=6LfzREcqAAAAAKerOnkPijwSTV-K73Kv7uxISXM2\" frameborder=\"0\" scrolling=\"no\" width=\"310\" height=\"430\">\r\n\t\t<\/iframe>\r\n\t\t<textarea name=\"g-recaptcha-response\" rows=\"3\" cols=\"40\" placeholder=\"reCaptcha Response Here\">\r\n\t\t<\/textarea>\r\n\t<\/div>\r\n<\/noscript>\r\n<\/span><br \/>\n<input class=\"wpcf7-form-control wpcf7-submit has-spinner\" type=\"submit\" value=\"Submit\" \/>\n<\/p><div class=\"wpcf7-response-output\" aria-hidden=\"true\"><\/div>\n<\/form>\n<\/div>\n<\/div>\n\t\t\t\t\t\t<\/div>\n\t\t\t\t<\/div>\n\t\t\t\t\t<\/div>\n\t\t<\/div>\n\t\t\t\t\t<\/div>\n\t\t<\/section>\n\t\t<div class=\"elementor-element elementor-element-6f8e963 e-flex e-con-boxed e-con e-parent\" data-id=\"6f8e963\" data-element_type=\"container\" data-e-type=\"container\">\n\t\t\t\t\t<div class=\"e-con-inner\">\n\t\t<div class=\"elementor-element elementor-element-8832e30 section-bg-white e-con-full e-flex e-con e-child\" data-id=\"8832e30\" data-element_type=\"container\" data-e-type=\"container\" data-settings=\"{&quot;background_background&quot;:&quot;classic&quot;}\">\n\t\t<div class=\"elementor-element elementor-element-c5d0daf e-con-full e-flex elementor-invisible e-con e-child\" data-id=\"c5d0daf\" data-element_type=\"container\" data-e-type=\"container\" data-settings=\"{&quot;animation&quot;:&quot;fadeInUp&quot;}\">\n\t\t\t\t<div class=\"elementor-element elementor-element-e45da75 elementor-widget__width-initial elementor-widget elementor-widget-heading\" data-id=\"e45da75\" data-element_type=\"widget\" data-e-type=\"widget\" data-widget_type=\"heading.default\">\n\t\t\t\t<div class=\"elementor-widget-container\">\n\t\t\t\t\t<h2 class=\"elementor-heading-title elementor-size-default\">Folgen Sie uns auf Social Media\n<\/h2>\t\t\t\t<\/div>\n\t\t\t\t<\/div>\n\t\t\t\t<div class=\"elementor-element elementor-element-c003cdf p-m-0 dark-color-text elementor-widget elementor-widget-text-editor\" data-id=\"c003cdf\" data-element_type=\"widget\" data-e-type=\"widget\" data-widget_type=\"text-editor.default\">\n\t\t\t\t<div class=\"elementor-widget-container\">\n\t\t\t\t\t\t\t\t\t<p>M\u00f6chten Sie \u00f6fter \u00fcber die neuesten Ausstellungen, Aktivit\u00e4ten und Veranstaltungen im Bevrijdingsmuseum Zeeland informiert werden? Obwohl unser Newsletter mehrmals im Jahr mit umfassenden Updates erscheint, bieten unsere Social-Media-Kan\u00e4le Ihnen regelm\u00e4\u00dfige und aktuelle Informationen.<\/p>\n<\/p>\n<p>Folgen Sie uns auf <a href=\"#\" rel=\"noreferrer\">Facebook<\/a>, <a href=\"#\" rel=\"noreferrer\">Twitter <\/a> und <a href=\"#\" rel=\"noreferrer\">Instagram <\/a> f\u00fcr die neuesten Nachrichten, \u00fcberraschende Ank\u00fcndigungen, interessante Fakten und einen Blick hinter die Kulissen. So verpassen Sie nichts von dem, was in und um unser Museum passiert!<\/p>\n<\/p>\n<p>Bleiben Sie verbunden und entdecken Sie das Bevrijdingsmuseum Zeeland in Echtzeit.<\/p>\n\t\t\t\t\t\t\t\t<\/div>\n\t\t\t\t<\/div>\n\t\t\t\t<\/div>\n\t\t<div class=\"elementor-element elementor-element-1d31bca e-con-full e-flex e-con e-child\" data-id=\"1d31bca\" data-element_type=\"container\" data-e-type=\"container\">\n\t\t\t\t<div class=\"elementor-element elementor-element-e192987 elementor-widget elementor-widget-image\" data-id=\"e192987\" data-element_type=\"widget\" data-e-type=\"widget\" data-widget_type=\"image.default\">\n\t\t\t\t<div class=\"elementor-widget-container\">\n\t\t\t\t\t\t\t\t\t\t\t\t\t\t\t\t<a href=\"https:\/\/www.facebook.com\/bmzeelandnl\/\">\n\t\t\t\t\t\t\t<img decoding=\"async\" width=\"630\" height=\"180\" src=\"https:\/\/bevrijdingsmuseumzeeland.nl\/wp-content\/uploads\/2024\/07\/nieuwsbrief-03-3.jpg\" class=\"attachment-large size-large wp-image-3661\" alt=\"\" srcset=\"https:\/\/bevrijdingsmuseumzeeland.nl\/wp-content\/uploads\/2024\/07\/nieuwsbrief-03-3.jpg 630w, https:\/\/bevrijdingsmuseumzeeland.nl\/wp-content\/uploads\/2024\/07\/nieuwsbrief-03-3-300x86.jpg 300w, https:\/\/bevrijdingsmuseumzeeland.nl\/wp-content\/uploads\/2024\/07\/nieuwsbrief-03-3-600x171.jpg 600w\" sizes=\"(max-width: 630px) 100vw, 630px\" \/>\t\t\t\t\t\t\t\t<\/a>\n\t\t\t\t\t\t\t\t\t\t\t\t\t\t\t<\/div>\n\t\t\t\t<\/div>\n\t\t\t\t<div class=\"elementor-element elementor-element-4061604 elementor-widget elementor-widget-image\" data-id=\"4061604\" data-element_type=\"widget\" data-e-type=\"widget\" data-widget_type=\"image.default\">\n\t\t\t\t<div class=\"elementor-widget-container\">\n\t\t\t\t\t\t\t\t\t\t\t\t\t\t\t\t<a href=\"https:\/\/x.com\/bmzeeland\">\n\t\t\t\t\t\t\t<img loading=\"lazy\" decoding=\"async\" width=\"630\" height=\"180\" src=\"https:\/\/bevrijdingsmuseumzeeland.nl\/wp-content\/uploads\/2024\/07\/nieuwsbrief-04.jpg\" class=\"attachment-large size-large wp-image-3652\" alt=\"\" srcset=\"https:\/\/bevrijdingsmuseumzeeland.nl\/wp-content\/uploads\/2024\/07\/nieuwsbrief-04.jpg 630w, https:\/\/bevrijdingsmuseumzeeland.nl\/wp-content\/uploads\/2024\/07\/nieuwsbrief-04-300x86.jpg 300w, https:\/\/bevrijdingsmuseumzeeland.nl\/wp-content\/uploads\/2024\/07\/nieuwsbrief-04-600x171.jpg 600w\" sizes=\"(max-width: 630px) 100vw, 630px\" \/>\t\t\t\t\t\t\t\t<\/a>\n\t\t\t\t\t\t\t\t\t\t\t\t\t\t\t<\/div>\n\t\t\t\t<\/div>\n\t\t\t\t<div class=\"elementor-element elementor-element-ce9e7eb elementor-widget elementor-widget-image\" data-id=\"ce9e7eb\" data-element_type=\"widget\" data-e-type=\"widget\" data-widget_type=\"image.default\">\n\t\t\t\t<div class=\"elementor-widget-container\">\n\t\t\t\t\t\t\t\t\t\t\t\t\t\t\t\t<a href=\"https:\/\/www.instagram.com\/bmzeelandnl\">\n\t\t\t\t\t\t\t<img loading=\"lazy\" decoding=\"async\" width=\"630\" height=\"180\" src=\"https:\/\/bevrijdingsmuseumzeeland.nl\/wp-content\/uploads\/2024\/07\/nieuwsbrief-05-1.jpg\" class=\"attachment-large size-large wp-image-3665\" alt=\"\" srcset=\"https:\/\/bevrijdingsmuseumzeeland.nl\/wp-content\/uploads\/2024\/07\/nieuwsbrief-05-1.jpg 630w, https:\/\/bevrijdingsmuseumzeeland.nl\/wp-content\/uploads\/2024\/07\/nieuwsbrief-05-1-300x86.jpg 300w, https:\/\/bevrijdingsmuseumzeeland.nl\/wp-content\/uploads\/2024\/07\/nieuwsbrief-05-1-600x171.jpg 600w\" sizes=\"(max-width: 630px) 100vw, 630px\" \/>\t\t\t\t\t\t\t\t<\/a>\n\t\t\t\t\t\t\t\t\t\t\t\t\t\t\t<\/div>\n\t\t\t\t<\/div>\n\t\t\t\t<\/div>\n\t\t\t\t<\/div>\n\t\t\t\t\t<\/div>\n\t\t\t\t<\/div>\n\t\t\t\t<\/div>\n\t\t","protected":false},"excerpt":{"rendered":"<p>Melden Sie sich f\u00fcr unseren Newsletter an! Wir senden mehrmals im Jahr den Bevrijdingsmuseum Zeeland Newsletter mit \u00fcberraschenden Ank\u00fcndigungen, neuen [&hellip;]<\/p>\n","protected":false},"author":1,"featured_media":0,"parent":0,"menu_order":0,"comment_status":"closed","ping_status":"closed","template":"","meta":{"om_disable_all_campaigns":false,"_monsterinsights_skip_tracking":false,"_monsterinsights_sitenote_active":false,"_monsterinsights_sitenote_note":"","_monsterinsights_sitenote_category":0,"_uf_show_specific_survey":0,"_uf_disable_surveys":false,"footnotes":""},"class_list":["post-3923","page","type-page","status-publish","hentry"],"aioseo_notices":[],"_links":{"self":[{"href":"https:\/\/bevrijdingsmuseumzeeland.nl\/de\/wp-json\/wp\/v2\/pages\/3923","targetHints":{"allow":["GET"]}}],"collection":[{"href":"https:\/\/bevrijdingsmuseumzeeland.nl\/de\/wp-json\/wp\/v2\/pages"}],"about":[{"href":"https:\/\/bevrijdingsmuseumzeeland.nl\/de\/wp-json\/wp\/v2\/types\/page"}],"author":[{"embeddable":true,"href":"https:\/\/bevrijdingsmuseumzeeland.nl\/de\/wp-json\/wp\/v2\/users\/1"}],"replies":[{"embeddable":true,"href":"https:\/\/bevrijdingsmuseumzeeland.nl\/de\/wp-json\/wp\/v2\/comments?post=3923"}],"version-history":[{"count":1,"href":"https:\/\/bevrijdingsmuseumzeeland.nl\/de\/wp-json\/wp\/v2\/pages\/3923\/revisions"}],"predecessor-version":[{"id":3924,"href":"https:\/\/bevrijdingsmuseumzeeland.nl\/de\/wp-json\/wp\/v2\/pages\/3923\/revisions\/3924"}],"wp:attachment":[{"href":"https:\/\/bevrijdingsmuseumzeeland.nl\/de\/wp-json\/wp\/v2\/media?parent=3923"}],"curies":[{"name":"wp","href":"https:\/\/api.w.org\/{rel}","templated":true}]}}