{"id":3937,"date":"2024-06-25T15:04:29","date_gmt":"2024-06-25T15:04:29","guid":{"rendered":"https:\/\/bevrijdingsmuseumzeeland.nl\/oeffnungszeiten\/"},"modified":"2026-02-26T16:11:29","modified_gmt":"2026-02-26T16:11:29","slug":"oeffnungszeiten","status":"publish","type":"page","link":"https:\/\/bevrijdingsmuseumzeeland.nl\/de\/oeffnungszeiten\/","title":{"rendered":"\u00d6ffnungszeiten"},"content":{"rendered":"\t\t<div data-elementor-type=\"wp-page\" data-elementor-id=\"3937\" class=\"elementor elementor-3937 elementor-3019\" data-elementor-post-type=\"page\">\n\t\t\t\t\t\t<section class=\"elementor-section elementor-top-section elementor-element elementor-element-fa53b75 elementor-section-boxed elementor-section-height-default elementor-section-height-default elementor-invisible\" data-id=\"fa53b75\" data-element_type=\"section\" data-e-type=\"section\" data-settings=\"{&quot;animation&quot;:&quot;fadeInUp&quot;}\">\n\t\t\t\t\t\t<div class=\"elementor-container elementor-column-gap-default\">\n\t\t\t\t\t<div class=\"elementor-column elementor-col-50 elementor-top-column elementor-element elementor-element-bf8700f\" data-id=\"bf8700f\" data-element_type=\"column\" data-e-type=\"column\">\n\t\t\t<div class=\"elementor-widget-wrap elementor-element-populated\">\n\t\t\t\t\t\t<section class=\"elementor-section elementor-inner-section elementor-element elementor-element-eda7f95 elementor-section-boxed elementor-section-height-default elementor-section-height-default\" data-id=\"eda7f95\" data-element_type=\"section\" data-e-type=\"section\">\n\t\t\t\t\t\t<div class=\"elementor-container elementor-column-gap-default\">\n\t\t\t\t\t<div class=\"elementor-column elementor-col-50 elementor-inner-column elementor-element elementor-element-d4086d0\" data-id=\"d4086d0\" data-element_type=\"column\" data-e-type=\"column\">\n\t\t\t<div class=\"elementor-widget-wrap elementor-element-populated\">\n\t\t\t\t\t\t<div class=\"elementor-element elementor-element-a259fb3 hover-img elementor-widget elementor-widget-image\" data-id=\"a259fb3\" data-element_type=\"widget\" data-e-type=\"widget\" data-widget_type=\"image.default\">\n\t\t\t\t<div class=\"elementor-widget-container\">\n\t\t\t\t\t\t\t\t\t\t\t\t\t\t\t<img fetchpriority=\"high\" decoding=\"async\" width=\"310\" height=\"460\" src=\"https:\/\/bevrijdingsmuseumzeeland.nl\/wp-content\/uploads\/2024\/06\/openingstijden-01.jpg\" class=\"attachment-large size-large wp-image-3065\" alt=\"\" srcset=\"https:\/\/bevrijdingsmuseumzeeland.nl\/wp-content\/uploads\/2024\/06\/openingstijden-01.jpg 310w, https:\/\/bevrijdingsmuseumzeeland.nl\/wp-content\/uploads\/2024\/06\/openingstijden-01-202x300.jpg 202w\" sizes=\"(max-width: 310px) 100vw, 310px\" \/>\t\t\t\t\t\t\t\t\t\t\t\t\t\t\t<\/div>\n\t\t\t\t<\/div>\n\t\t\t\t\t<\/div>\n\t\t<\/div>\n\t\t\t\t<div class=\"elementor-column elementor-col-50 elementor-inner-column elementor-element elementor-element-2708d2a elementor-hidden-mobile\" data-id=\"2708d2a\" data-element_type=\"column\" data-e-type=\"column\">\n\t\t\t<div class=\"elementor-widget-wrap elementor-element-populated\">\n\t\t\t\t\t\t<div class=\"elementor-element elementor-element-b831307 hover-img elementor-widget elementor-widget-image\" data-id=\"b831307\" data-element_type=\"widget\" data-e-type=\"widget\" data-widget_type=\"image.default\">\n\t\t\t\t<div class=\"elementor-widget-container\">\n\t\t\t\t\t\t\t\t\t\t\t\t\t\t\t<img decoding=\"async\" width=\"310\" height=\"460\" src=\"https:\/\/bevrijdingsmuseumzeeland.nl\/wp-content\/uploads\/2024\/06\/openingstijden-02.jpg\" class=\"attachment-large size-large wp-image-3069\" alt=\"\" srcset=\"https:\/\/bevrijdingsmuseumzeeland.nl\/wp-content\/uploads\/2024\/06\/openingstijden-02.jpg 310w, https:\/\/bevrijdingsmuseumzeeland.nl\/wp-content\/uploads\/2024\/06\/openingstijden-02-202x300.jpg 202w\" sizes=\"(max-width: 310px) 100vw, 310px\" \/>\t\t\t\t\t\t\t\t\t\t\t\t\t\t\t<\/div>\n\t\t\t\t<\/div>\n\t\t\t\t\t<\/div>\n\t\t<\/div>\n\t\t\t\t\t<\/div>\n\t\t<\/section>\n\t\t\t\t\t<\/div>\n\t\t<\/div>\n\t\t\t\t<div class=\"elementor-column elementor-col-50 elementor-top-column elementor-element elementor-element-1304b51 text-margin\" data-id=\"1304b51\" data-element_type=\"column\" data-e-type=\"column\">\n\t\t\t<div class=\"elementor-widget-wrap elementor-element-populated\">\n\t\t\t\t\t\t<div class=\"elementor-element elementor-element-889cfa4 elementor-widget elementor-widget-heading\" data-id=\"889cfa4\" data-element_type=\"widget\" data-e-type=\"widget\" data-widget_type=\"heading.default\">\n\t\t\t\t<div class=\"elementor-widget-container\">\n\t\t\t\t\t<h2 class=\"elementor-heading-title elementor-size-default\">Besuchen Sie uns das ganze Jahr \u00fcber!<\/h2>\t\t\t\t<\/div>\n\t\t\t\t<\/div>\n\t\t\t\t<div class=\"elementor-element elementor-element-c8b58e4 elementor-widget elementor-widget-text-editor\" data-id=\"c8b58e4\" data-element_type=\"widget\" data-e-type=\"widget\" data-widget_type=\"text-editor.default\">\n\t\t\t\t<div class=\"elementor-widget-container\">\n\t\t\t\t\t\t\t\t\t<p>Willkommen im Bevrijdingsmuseum Zeeland, wo Geschichte lebendig wird. Unser Museum bietet den Besuchern die M\u00f6glichkeit, mehr \u00fcber wichtige historische Ereignisse und die Befreiung Zeelands zu erfahren. Das Museum ist fast das ganze Jahr \u00fcber ge\u00f6ffnet, mit angepassten \u00d6ffnungszeiten w\u00e4hrend der Sommer- und Wintersaison und speziellen Regelungen f\u00fcr Gruppenbesuche. Ob Sie an einem ruhigen Besuch an einem Mittwochnachmittag im Winter oder an einer lehrreichen Erfahrung an einem sommerlichen Samstag interessiert sind, wir sind bereit, Sie willkommen zu hei\u00dfen. Sehen Sie sich unten unsere speziellen \u00d6ffnungszeiten an und planen Sie Ihren Besuch.<\/p>\t\t\t\t\t\t\t\t<\/div>\n\t\t\t\t<\/div>\n\t\t\t\t\t<\/div>\n\t\t<\/div>\n\t\t\t\t\t<\/div>\n\t\t<\/section>\n\t\t<div class=\"elementor-element elementor-element-1fcabb87 e-flex e-con-boxed e-con e-parent\" data-id=\"1fcabb87\" data-element_type=\"container\" data-e-type=\"container\">\n\t\t\t\t\t<div class=\"e-con-inner\">\n\t\t<div class=\"elementor-element elementor-element-31e5639c e-con-full e-flex e-con e-child\" data-id=\"31e5639c\" data-element_type=\"container\" data-e-type=\"container\">\n\t\t\t\t<div class=\"elementor-element elementor-element-3e18d6aa elementor-widget elementor-widget-heading\" data-id=\"3e18d6aa\" data-element_type=\"widget\" data-e-type=\"widget\" data-widget_type=\"heading.default\">\n\t\t\t\t<div class=\"elementor-widget-container\">\n\t\t\t\t\t<h2 class=\"elementor-heading-title elementor-size-default\">Sommersaison 2026<br>(22. Februar bis 31. Oktober)\n\n\n<\/h2>\t\t\t\t<\/div>\n\t\t\t\t<\/div>\n\t\t\t\t<div class=\"elementor-element elementor-element-114d0e8 elementor-widget elementor-widget-text-editor\" data-id=\"114d0e8\" data-element_type=\"widget\" data-e-type=\"widget\" data-widget_type=\"text-editor.default\">\n\t\t\t\t<div class=\"elementor-widget-container\">\n\t\t\t\t\t\t\t\t\t<p><strong style=\"text-align: var(--text-align); background-color: var(--body-bg-light);\">Dienstag bis Samstag:<\/strong> <span style=\"text-align: var(--text-align); background-color: var(--body-bg-light);\">10:00 &#8211; 17:00 Uhr<\/span><\/p><p><span style=\"font-weight: bolder;\">Montag (nur im Juli und August):<\/span> 10:00 &#8211; 17:00 Uhr<\/p><p>Der letzte Zugang zum Museum ist bis 16:00 Uhr m\u00f6glich.<\/p>\t\t\t\t\t\t\t\t<\/div>\n\t\t\t\t<\/div>\n\t\t\t\t<div class=\"elementor-element elementor-element-2bbfdd6 elementor-widget elementor-widget-heading\" data-id=\"2bbfdd6\" data-element_type=\"widget\" data-e-type=\"widget\" data-widget_type=\"heading.default\">\n\t\t\t\t<div class=\"elementor-widget-container\">\n\t\t\t\t\t<h2 class=\"elementor-heading-title elementor-size-default\">Wintersaison 2026 \/ 2027<br>(1. November bis 1. M\u00e4rz)\n\n<\/h2>\t\t\t\t<\/div>\n\t\t\t\t<\/div>\n\t\t\t\t<div class=\"elementor-element elementor-element-f67b55e elementor-widget elementor-widget-text-editor\" data-id=\"f67b55e\" data-element_type=\"widget\" data-e-type=\"widget\" data-widget_type=\"text-editor.default\">\n\t\t\t\t<div class=\"elementor-widget-container\">\n\t\t\t\t\t\t\t\t\t<p><strong style=\"text-align: var(--text-align); background-color: var(--body-bg-light);\">Mittwoch:<\/strong> <span style=\"text-align: var(--text-align); background-color: var(--body-bg-light);\">10:00 &#8211; 17:00 Uhr<\/span><\/p><p><strong style=\"text-align: var(--text-align); background-color: var(--body-bg-light);\">Samstag: <\/strong> <span style=\"text-align: var(--text-align); background-color: var(--body-bg-light);\"> 10:00 &#8211; 17:00 Uhr<\/span><\/p><p><span style=\"text-align: var(--text-align); background-color: var(--body-bg-light);\">Der letzte Zugang zum Museum ist bis 16:00 Uhr m\u00f6glich.<\/span><\/p>\t\t\t\t\t\t\t\t<\/div>\n\t\t\t\t<\/div>\n\t\t\t\t<\/div>\n\t\t<div class=\"elementor-element elementor-element-3bbeddd e-con-full e-flex e-con e-child\" data-id=\"3bbeddd\" data-element_type=\"container\" data-e-type=\"container\">\n\t\t\t\t<div class=\"elementor-element elementor-element-7124fd8 elementor-widget elementor-widget-image\" data-id=\"7124fd8\" data-element_type=\"widget\" data-e-type=\"widget\" data-widget_type=\"image.default\">\n\t\t\t\t<div class=\"elementor-widget-container\">\n\t\t\t\t\t\t\t\t\t\t\t\t\t\t\t<img decoding=\"async\" width=\"585\" height=\"382\" src=\"https:\/\/bevrijdingsmuseumzeeland.nl\/wp-content\/uploads\/2024\/06\/openingstijden-03.jpg\" class=\"attachment-large size-large wp-image-3059\" alt=\"\" srcset=\"https:\/\/bevrijdingsmuseumzeeland.nl\/wp-content\/uploads\/2024\/06\/openingstijden-03.jpg 585w, https:\/\/bevrijdingsmuseumzeeland.nl\/wp-content\/uploads\/2024\/06\/openingstijden-03-300x196.jpg 300w\" sizes=\"(max-width: 585px) 100vw, 585px\" \/>\t\t\t\t\t\t\t\t\t\t\t\t\t\t\t<\/div>\n\t\t\t\t<\/div>\n\t\t\t\t<\/div>\n\t\t\t\t\t<\/div>\n\t\t\t\t<\/div>\n\t\t<div class=\"elementor-element elementor-element-61c4937 e-flex e-con-boxed e-con e-parent\" data-id=\"61c4937\" data-element_type=\"container\" data-e-type=\"container\">\n\t\t\t\t\t<div class=\"e-con-inner\">\n\t\t<div class=\"elementor-element elementor-element-041dd4b e-con-full e-flex e-con e-child\" data-id=\"041dd4b\" data-element_type=\"container\" data-e-type=\"container\">\n\t\t\t\t<div class=\"elementor-element elementor-element-ce76a35 elementor-widget elementor-widget-heading\" data-id=\"ce76a35\" data-element_type=\"widget\" data-e-type=\"widget\" data-widget_type=\"heading.default\">\n\t\t\t\t<div class=\"elementor-widget-container\">\n\t\t\t\t\t<h2 class=\"elementor-heading-title elementor-size-default\">Gruppenbesuche\n\n<\/h2>\t\t\t\t<\/div>\n\t\t\t\t<\/div>\n\t\t\t\t<div class=\"elementor-element elementor-element-62bd135 elementor-widget elementor-widget-text-editor\" data-id=\"62bd135\" data-element_type=\"widget\" data-e-type=\"widget\" data-widget_type=\"text-editor.default\">\n\t\t\t\t<div class=\"elementor-widget-container\">\n\t\t\t\t\t\t\t\t\t<p>Im Bevrijdingsmuseum Zeeland begr\u00fc\u00dfen wir gerne Gruppen zu einem informativen und denkw\u00fcrdigen Besuch. Gruppen ab 25 Personen k\u00f6nnen das Museum an Tagen besuchen, an denen wir normalerweise geschlossen sind, mit Ausnahme von Sonntagen und abends. Dies bietet eine ausgezeichnete Gelegenheit f\u00fcr Schulen, Unternehmen und Vereine, unser Museum in einem exklusiven Rahmen zu erleben.<\/p><p>Zur Planung eines Gruppenbesuchs laden wir Sie ein, \u00fcber die Kontaktinformationen auf unserer Website mit unseren Mitarbeitern in Verbindung zu treten. Gemeinsam k\u00f6nnen wir einen ma\u00dfgeschneiderten Besuch organisieren, der perfekt auf Ihre W\u00fcnsche und Interessen abgestimmt ist.<\/p>\t\t\t\t\t\t\t\t<\/div>\n\t\t\t\t<\/div>\n\t\t\t\t<\/div>\n\t\t<div class=\"elementor-element elementor-element-34024d3 e-con-full e-flex e-con e-child\" data-id=\"34024d3\" data-element_type=\"container\" data-e-type=\"container\">\n\t\t<div class=\"elementor-element elementor-element-318fdac e-flex e-con-boxed e-con e-child\" data-id=\"318fdac\" data-element_type=\"container\" data-e-type=\"container\">\n\t\t\t\t\t<div class=\"e-con-inner\">\n\t\t\t\t<div class=\"elementor-element elementor-element-c3c6e78 elementor-absolute frame frame-right elementor-widget elementor-widget-image\" data-id=\"c3c6e78\" data-element_type=\"widget\" data-e-type=\"widget\" data-settings=\"{&quot;_position&quot;:&quot;absolute&quot;}\" data-widget_type=\"image.default\">\n\t\t\t\t<div class=\"elementor-widget-container\">\n\t\t\t\t\t\t\t\t\t\t\t\t\t\t\t<img loading=\"lazy\" decoding=\"async\" width=\"280\" height=\"300\" src=\"https:\/\/bevrijdingsmuseumzeeland.nl\/wp-content\/uploads\/2024\/06\/over-ons-03.jpg\" class=\"attachment-medium size-medium wp-image-2980\" alt=\"\" \/>\t\t\t\t\t\t\t\t\t\t\t\t\t\t\t<\/div>\n\t\t\t\t<\/div>\n\t\t\t\t<div class=\"elementor-element elementor-element-d7c3d04 elementor-absolute frame frame-right elementor-widget elementor-widget-image\" data-id=\"d7c3d04\" data-element_type=\"widget\" data-e-type=\"widget\" data-settings=\"{&quot;_position&quot;:&quot;absolute&quot;}\" data-widget_type=\"image.default\">\n\t\t\t\t<div class=\"elementor-widget-container\">\n\t\t\t\t\t\t\t\t\t\t\t\t\t\t\t<img loading=\"lazy\" decoding=\"async\" width=\"280\" height=\"300\" src=\"https:\/\/bevrijdingsmuseumzeeland.nl\/wp-content\/uploads\/2024\/06\/openingstijden-06.jpg\" class=\"attachment-medium size-medium wp-image-3082\" alt=\"\" \/>\t\t\t\t\t\t\t\t\t\t\t\t\t\t\t<\/div>\n\t\t\t\t<\/div>\n\t\t\t\t<div class=\"elementor-element elementor-element-a744dd6 frame elementor-widget elementor-widget-image\" data-id=\"a744dd6\" data-element_type=\"widget\" data-e-type=\"widget\" data-widget_type=\"image.default\">\n\t\t\t\t<div class=\"elementor-widget-container\">\n\t\t\t\t\t\t\t\t\t\t\t\t\t\t\t<img loading=\"lazy\" decoding=\"async\" width=\"370\" height=\"385\" src=\"https:\/\/bevrijdingsmuseumzeeland.nl\/wp-content\/uploads\/2024\/06\/openingstijden-05.jpg\" class=\"attachment-large size-large wp-image-3078\" alt=\"\" srcset=\"https:\/\/bevrijdingsmuseumzeeland.nl\/wp-content\/uploads\/2024\/06\/openingstijden-05.jpg 370w, https:\/\/bevrijdingsmuseumzeeland.nl\/wp-content\/uploads\/2024\/06\/openingstijden-05-288x300.jpg 288w\" sizes=\"(max-width: 370px) 100vw, 370px\" \/>\t\t\t\t\t\t\t\t\t\t\t\t\t\t\t<\/div>\n\t\t\t\t<\/div>\n\t\t\t\t\t<\/div>\n\t\t\t\t<\/div>\n\t\t\t\t<\/div>\n\t\t<div class=\"elementor-element elementor-element-bb418b9 e-con-full elementor-hidden-mobile e-flex e-con e-child\" data-id=\"bb418b9\" data-element_type=\"container\" data-e-type=\"container\">\n\t\t<div class=\"elementor-element elementor-element-468dc0b e-flex e-con-boxed e-con e-child\" data-id=\"468dc0b\" data-element_type=\"container\" data-e-type=\"container\">\n\t\t\t\t\t<div class=\"e-con-inner\">\n\t\t\t\t<div class=\"elementor-element elementor-element-e4acde3 frame elementor-widget elementor-widget-image\" data-id=\"e4acde3\" data-element_type=\"widget\" data-e-type=\"widget\" data-widget_type=\"image.default\">\n\t\t\t\t<div class=\"elementor-widget-container\">\n\t\t\t\t\t\t\t\t\t\t\t\t\t\t\t<img loading=\"lazy\" decoding=\"async\" width=\"300\" height=\"255\" src=\"https:\/\/bevrijdingsmuseumzeeland.nl\/wp-content\/uploads\/2024\/06\/openingstijden-07.jpg\" class=\"attachment-medium size-medium wp-image-3088\" alt=\"\" \/>\t\t\t\t\t\t\t\t\t\t\t\t\t\t\t<\/div>\n\t\t\t\t<\/div>\n\t\t\t\t\t<\/div>\n\t\t\t\t<\/div>\n\t\t\t\t<\/div>\n\t\t\t\t\t<\/div>\n\t\t\t\t<\/div>\n\t\t<div class=\"elementor-element elementor-element-d9de5da e-flex e-con-boxed e-con e-parent\" data-id=\"d9de5da\" data-element_type=\"container\" data-e-type=\"container\">\n\t\t\t\t\t<div class=\"e-con-inner\">\n\t\t<div class=\"elementor-element elementor-element-843161d e-con-full e-flex e-con e-child\" data-id=\"843161d\" data-element_type=\"container\" data-e-type=\"container\">\n\t\t\t\t<div class=\"elementor-element elementor-element-198b9e8 frame elementor-widget elementor-widget-image\" data-id=\"198b9e8\" data-element_type=\"widget\" data-e-type=\"widget\" data-widget_type=\"image.default\">\n\t\t\t\t<div class=\"elementor-widget-container\">\n\t\t\t\t\t\t\t\t\t\t\t\t\t\t\t<img loading=\"lazy\" decoding=\"async\" width=\"370\" height=\"385\" src=\"https:\/\/bevrijdingsmuseumzeeland.nl\/wp-content\/uploads\/2024\/06\/openingstijden-08.jpg\" class=\"attachment-large size-large wp-image-3094\" alt=\"\" srcset=\"https:\/\/bevrijdingsmuseumzeeland.nl\/wp-content\/uploads\/2024\/06\/openingstijden-08.jpg 370w, https:\/\/bevrijdingsmuseumzeeland.nl\/wp-content\/uploads\/2024\/06\/openingstijden-08-288x300.jpg 288w\" sizes=\"(max-width: 370px) 100vw, 370px\" \/>\t\t\t\t\t\t\t\t\t\t\t\t\t\t\t<\/div>\n\t\t\t\t<\/div>\n\t\t\t\t<\/div>\n\t\t<div class=\"elementor-element elementor-element-d47ace9 e-con-full e-flex e-con e-child\" data-id=\"d47ace9\" data-element_type=\"container\" data-e-type=\"container\">\n\t\t\t\t<div class=\"elementor-element elementor-element-0b56698 elementor-widget elementor-widget-heading\" data-id=\"0b56698\" data-element_type=\"widget\" data-e-type=\"widget\" data-widget_type=\"heading.default\">\n\t\t\t\t<div class=\"elementor-widget-container\">\n\t\t\t\t\t<h2 class=\"elementor-heading-title elementor-size-default\">Feiertage\n\n\n\n<\/h2>\t\t\t\t<\/div>\n\t\t\t\t<\/div>\n\t\t\t\t<div class=\"elementor-element elementor-element-6c8e076 elementor-widget elementor-widget-text-editor\" data-id=\"6c8e076\" data-element_type=\"widget\" data-e-type=\"widget\" data-widget_type=\"text-editor.default\">\n\t\t\t\t<div class=\"elementor-widget-container\">\n\t\t\t\t\t\t\t\t\t<p>Das Museum ist sonntags und an christlichen Feiertagen geschlossen, mit Ausnahme von Christi Himmelfahrt.<\/p>\t\t\t\t\t\t\t\t<\/div>\n\t\t\t\t<\/div>\n\t\t\t\t<\/div>\n\t\t\t\t\t<\/div>\n\t\t\t\t<\/div>\n\t\t\t\t<\/div>\n\t\t","protected":false},"excerpt":{"rendered":"<p>Besuchen Sie uns das ganze Jahr \u00fcber! Willkommen im Bevrijdingsmuseum Zeeland, wo Geschichte lebendig wird. Unser Museum bietet den Besuchern [&hellip;]<\/p>\n","protected":false},"author":1,"featured_media":0,"parent":0,"menu_order":0,"comment_status":"closed","ping_status":"closed","template":"","meta":{"om_disable_all_campaigns":false,"_monsterinsights_skip_tracking":false,"_monsterinsights_sitenote_active":false,"_monsterinsights_sitenote_note":"","_monsterinsights_sitenote_category":0,"_uf_show_specific_survey":0,"_uf_disable_surveys":false,"footnotes":""},"class_list":["post-3937","page","type-page","status-publish","hentry"],"aioseo_notices":[],"_links":{"self":[{"href":"https:\/\/bevrijdingsmuseumzeeland.nl\/de\/wp-json\/wp\/v2\/pages\/3937","targetHints":{"allow":["GET"]}}],"collection":[{"href":"https:\/\/bevrijdingsmuseumzeeland.nl\/de\/wp-json\/wp\/v2\/pages"}],"about":[{"href":"https:\/\/bevrijdingsmuseumzeeland.nl\/de\/wp-json\/wp\/v2\/types\/page"}],"author":[{"embeddable":true,"href":"https:\/\/bevrijdingsmuseumzeeland.nl\/de\/wp-json\/wp\/v2\/users\/1"}],"replies":[{"embeddable":true,"href":"https:\/\/bevrijdingsmuseumzeeland.nl\/de\/wp-json\/wp\/v2\/comments?post=3937"}],"version-history":[{"count":11,"href":"https:\/\/bevrijdingsmuseumzeeland.nl\/de\/wp-json\/wp\/v2\/pages\/3937\/revisions"}],"predecessor-version":[{"id":12478,"href":"https:\/\/bevrijdingsmuseumzeeland.nl\/de\/wp-json\/wp\/v2\/pages\/3937\/revisions\/12478"}],"wp:attachment":[{"href":"https:\/\/bevrijdingsmuseumzeeland.nl\/de\/wp-json\/wp\/v2\/media?parent=3937"}],"curies":[{"name":"wp","href":"https:\/\/api.w.org\/{rel}","templated":true}]}}