{"id":4012,"date":"2024-07-01T14:59:20","date_gmt":"2024-07-01T14:59:20","guid":{"rendered":"https:\/\/bevrijdingsmuseumzeeland.nl\/bibliothek-studienzentrum\/"},"modified":"2024-09-12T18:40:51","modified_gmt":"2024-09-12T18:40:51","slug":"bibliothek-studienzentrum","status":"publish","type":"page","link":"https:\/\/bevrijdingsmuseumzeeland.nl\/de\/bibliothek-studienzentrum\/","title":{"rendered":"Bibliothek"},"content":{"rendered":"\t\t<div data-elementor-type=\"wp-page\" data-elementor-id=\"4012\" class=\"elementor elementor-4012 elementor-3386\" data-elementor-post-type=\"page\">\n\t\t\t\t\t\t<section class=\"elementor-section elementor-top-section elementor-element elementor-element-fa53b75 elementor-section-boxed elementor-section-height-default elementor-section-height-default elementor-invisible\" data-id=\"fa53b75\" data-element_type=\"section\" data-e-type=\"section\" data-settings=\"{&quot;animation&quot;:&quot;fadeInUp&quot;}\">\n\t\t\t\t\t\t<div class=\"elementor-container elementor-column-gap-default\">\n\t\t\t\t\t<div class=\"elementor-column elementor-col-50 elementor-top-column elementor-element elementor-element-bf8700f\" data-id=\"bf8700f\" data-element_type=\"column\" data-e-type=\"column\">\n\t\t\t<div class=\"elementor-widget-wrap elementor-element-populated\">\n\t\t\t\t\t\t<section class=\"elementor-section elementor-inner-section elementor-element elementor-element-eda7f95 elementor-section-boxed elementor-section-height-default elementor-section-height-default\" data-id=\"eda7f95\" data-element_type=\"section\" data-e-type=\"section\">\n\t\t\t\t\t\t<div class=\"elementor-container elementor-column-gap-default\">\n\t\t\t\t\t<div class=\"elementor-column elementor-col-50 elementor-inner-column elementor-element elementor-element-d4086d0\" data-id=\"d4086d0\" data-element_type=\"column\" data-e-type=\"column\">\n\t\t\t<div class=\"elementor-widget-wrap elementor-element-populated\">\n\t\t\t\t\t\t<div class=\"elementor-element elementor-element-a259fb3 hover-img elementor-widget elementor-widget-image\" data-id=\"a259fb3\" data-element_type=\"widget\" data-e-type=\"widget\" data-widget_type=\"image.default\">\n\t\t\t\t<div class=\"elementor-widget-container\">\n\t\t\t\t\t\t\t\t\t\t\t\t\t\t\t<img fetchpriority=\"high\" decoding=\"async\" width=\"310\" height=\"460\" src=\"https:\/\/bevrijdingsmuseumzeeland.nl\/wp-content\/uploads\/2024\/07\/studiecentrum-01.jpg\" class=\"attachment-large size-large wp-image-3394\" alt=\"\" srcset=\"https:\/\/bevrijdingsmuseumzeeland.nl\/wp-content\/uploads\/2024\/07\/studiecentrum-01.jpg 310w, https:\/\/bevrijdingsmuseumzeeland.nl\/wp-content\/uploads\/2024\/07\/studiecentrum-01-202x300.jpg 202w\" sizes=\"(max-width: 310px) 100vw, 310px\" \/>\t\t\t\t\t\t\t\t\t\t\t\t\t\t\t<\/div>\n\t\t\t\t<\/div>\n\t\t\t\t\t<\/div>\n\t\t<\/div>\n\t\t\t\t<div class=\"elementor-column elementor-col-50 elementor-inner-column elementor-element elementor-element-2708d2a elementor-hidden-mobile\" data-id=\"2708d2a\" data-element_type=\"column\" data-e-type=\"column\">\n\t\t\t<div class=\"elementor-widget-wrap elementor-element-populated\">\n\t\t\t\t\t\t<div class=\"elementor-element elementor-element-b831307 hover-img elementor-widget elementor-widget-image\" data-id=\"b831307\" data-element_type=\"widget\" data-e-type=\"widget\" data-widget_type=\"image.default\">\n\t\t\t\t<div class=\"elementor-widget-container\">\n\t\t\t\t\t\t\t\t\t\t\t\t\t\t\t<img decoding=\"async\" width=\"310\" height=\"460\" src=\"https:\/\/bevrijdingsmuseumzeeland.nl\/wp-content\/uploads\/2024\/07\/studiecentrum-02.jpg\" class=\"attachment-large size-large wp-image-3391\" alt=\"\" srcset=\"https:\/\/bevrijdingsmuseumzeeland.nl\/wp-content\/uploads\/2024\/07\/studiecentrum-02.jpg 310w, https:\/\/bevrijdingsmuseumzeeland.nl\/wp-content\/uploads\/2024\/07\/studiecentrum-02-202x300.jpg 202w\" sizes=\"(max-width: 310px) 100vw, 310px\" \/>\t\t\t\t\t\t\t\t\t\t\t\t\t\t\t<\/div>\n\t\t\t\t<\/div>\n\t\t\t\t\t<\/div>\n\t\t<\/div>\n\t\t\t\t\t<\/div>\n\t\t<\/section>\n\t\t\t\t\t<\/div>\n\t\t<\/div>\n\t\t\t\t<div class=\"elementor-column elementor-col-50 elementor-top-column elementor-element elementor-element-1304b51 text-margin\" data-id=\"1304b51\" data-element_type=\"column\" data-e-type=\"column\">\n\t\t\t<div class=\"elementor-widget-wrap elementor-element-populated\">\n\t\t\t\t\t\t<div class=\"elementor-element elementor-element-889cfa4 elementor-widget elementor-widget-heading\" data-id=\"889cfa4\" data-element_type=\"widget\" data-e-type=\"widget\" data-widget_type=\"heading.default\">\n\t\t\t\t<div class=\"elementor-widget-container\">\n\t\t\t\t\t<h2 class=\"elementor-heading-title elementor-size-default\">Tauchen Sie in die Geschichte ein<\/h2>\t\t\t\t<\/div>\n\t\t\t\t<\/div>\n\t\t\t\t<div class=\"elementor-element elementor-element-c8b58e4 elementor-widget elementor-widget-text-editor\" data-id=\"c8b58e4\" data-element_type=\"widget\" data-e-type=\"widget\" data-widget_type=\"text-editor.default\">\n\t\t\t\t<div class=\"elementor-widget-container\">\n\t\t\t\t\t\t\t\t\tDie Bibliothek des Bevrijdingsmuseums Zeeland bietet eine umfangreiche Sammlung von Tausenden von Titeln. Neben B\u00fcchern \u00fcber die Geschichte der Provinz Zeeland w\u00e4hrend des Zweiten Weltkriegs umfasst unsere Sammlung auch Werke \u00fcber das ehemalige Niederl\u00e4ndisch-Indien, Biografien und verschiedene allgemeine Titel. Unsere Sammlung unterst\u00fctzt (wissenschaftliche) Forschung, die Museumssammlung und die Vorbereitung von Ausstellungen. \t\t\t\t\t\t\t\t<\/div>\n\t\t\t\t<\/div>\n\t\t\t\t\t<\/div>\n\t\t<\/div>\n\t\t\t\t\t<\/div>\n\t\t<\/section>\n\t\t<div class=\"elementor-element elementor-element-6f8e963 e-flex e-con-boxed e-con e-parent\" data-id=\"6f8e963\" data-element_type=\"container\" data-e-type=\"container\">\n\t\t\t\t\t<div class=\"e-con-inner\">\n\t\t\t\t<div class=\"elementor-element elementor-element-3e18d6aa elementor-widget elementor-widget-heading\" data-id=\"3e18d6aa\" data-element_type=\"widget\" data-e-type=\"widget\" data-widget_type=\"heading.default\">\n\t\t\t\t<div class=\"elementor-widget-container\">\n\t\t\t\t\t<h2 class=\"elementor-heading-title elementor-size-default\">Sammlung durchsuchen<\/h2>\t\t\t\t<\/div>\n\t\t\t\t<\/div>\n\t\t\t\t<div class=\"elementor-element elementor-element-45a8de7 elementor-widget elementor-widget-text-editor\" data-id=\"45a8de7\" data-element_type=\"widget\" data-e-type=\"widget\" data-widget_type=\"text-editor.default\">\n\t\t\t\t<div class=\"elementor-widget-container\">\n\t\t\t\t\t\t\t\t\t<p>Sie k\u00f6nnen die Titel in unserer Bibliothek durchsuchen, indem Sie hier klicken.<\/p>\n<div class=\"flex flex-grow flex-col max-w-full\">\n<div class=\"min-h-[20px] text-message flex flex-col items-start whitespace-pre-wrap break-words [.text-message+&amp;]:mt-5 juice:w-full juice:items-end overflow-x-auto gap-2\" dir=\"auto\" data-message-author-role=\"assistant\" data-message-id=\"e5194544-f56f-4254-a1a7-1eb99da74017\">\n<div class=\"flex w-full flex-col gap-1 juice:empty:hidden juice:first:pt-[3px]\">\n<div class=\"markdown prose w-full break-words dark:prose-invert light\">\n<p>Die Bibliothek kann nach Vereinbarung besucht werden. Um einen Termin zu vereinbaren, k\u00f6nnen Sie uns \u00fcber <a rel=\"noreferrer\">info@bmzeeland.nl<\/a> kontaktieren oder unter 0113 \u2013 671 475 anrufen. Bitte beachten Sie, dass die Bibliothek keine Materialien verleiht und dass Termine weit im Voraus vereinbart werden m\u00fcssen.<\/p>\n<\/div>\n<\/div>\n<\/div>\n<\/div>\n\t\t\t\t\t\t\t\t<\/div>\n\t\t\t\t<\/div>\n\t\t\t\t\t<\/div>\n\t\t\t\t<\/div>\n\t\t<div class=\"elementor-element elementor-element-0da02f0 e-flex e-con-boxed e-con e-parent\" data-id=\"0da02f0\" data-element_type=\"container\" data-e-type=\"container\">\n\t\t\t\t\t<div class=\"e-con-inner\">\n\t\t\t\t<div class=\"elementor-element elementor-element-15a7ad0 elementor-widget elementor-widget-image\" data-id=\"15a7ad0\" data-element_type=\"widget\" data-e-type=\"widget\" data-widget_type=\"image.default\">\n\t\t\t\t<div class=\"elementor-widget-container\">\n\t\t\t\t\t\t\t\t\t\t\t\t\t\t\t<img decoding=\"async\" width=\"1903\" height=\"650\" src=\"https:\/\/bevrijdingsmuseumzeeland.nl\/wp-content\/uploads\/2024\/07\/studiecentrum-03.jpg\" class=\"attachment-full size-full wp-image-3400\" alt=\"\" srcset=\"https:\/\/bevrijdingsmuseumzeeland.nl\/wp-content\/uploads\/2024\/07\/studiecentrum-03.jpg 1903w, https:\/\/bevrijdingsmuseumzeeland.nl\/wp-content\/uploads\/2024\/07\/studiecentrum-03-300x102.jpg 300w, https:\/\/bevrijdingsmuseumzeeland.nl\/wp-content\/uploads\/2024\/07\/studiecentrum-03-1024x350.jpg 1024w, https:\/\/bevrijdingsmuseumzeeland.nl\/wp-content\/uploads\/2024\/07\/studiecentrum-03-768x262.jpg 768w, https:\/\/bevrijdingsmuseumzeeland.nl\/wp-content\/uploads\/2024\/07\/studiecentrum-03-1536x525.jpg 1536w, https:\/\/bevrijdingsmuseumzeeland.nl\/wp-content\/uploads\/2024\/07\/studiecentrum-03-600x205.jpg 600w\" sizes=\"(max-width: 1903px) 100vw, 1903px\" \/>\t\t\t\t\t\t\t\t\t\t\t\t\t\t\t<\/div>\n\t\t\t\t<\/div>\n\t\t\t\t\t<\/div>\n\t\t\t\t<\/div>\n\t\t\t\t<\/div>\n\t\t","protected":false},"excerpt":{"rendered":"<p>Tauchen Sie in die Geschichte ein Die Bibliothek des Bevrijdingsmuseums Zeeland bietet eine umfangreiche Sammlung von Tausenden von Titeln. Neben [&hellip;]<\/p>\n","protected":false},"author":1,"featured_media":0,"parent":0,"menu_order":0,"comment_status":"closed","ping_status":"closed","template":"","meta":{"om_disable_all_campaigns":false,"_monsterinsights_skip_tracking":false,"_monsterinsights_sitenote_active":false,"_monsterinsights_sitenote_note":"","_monsterinsights_sitenote_category":0,"_uf_show_specific_survey":0,"_uf_disable_surveys":false,"footnotes":""},"class_list":["post-4012","page","type-page","status-publish","hentry"],"aioseo_notices":[],"_links":{"self":[{"href":"https:\/\/bevrijdingsmuseumzeeland.nl\/de\/wp-json\/wp\/v2\/pages\/4012","targetHints":{"allow":["GET"]}}],"collection":[{"href":"https:\/\/bevrijdingsmuseumzeeland.nl\/de\/wp-json\/wp\/v2\/pages"}],"about":[{"href":"https:\/\/bevrijdingsmuseumzeeland.nl\/de\/wp-json\/wp\/v2\/types\/page"}],"author":[{"embeddable":true,"href":"https:\/\/bevrijdingsmuseumzeeland.nl\/de\/wp-json\/wp\/v2\/users\/1"}],"replies":[{"embeddable":true,"href":"https:\/\/bevrijdingsmuseumzeeland.nl\/de\/wp-json\/wp\/v2\/comments?post=4012"}],"version-history":[{"count":3,"href":"https:\/\/bevrijdingsmuseumzeeland.nl\/de\/wp-json\/wp\/v2\/pages\/4012\/revisions"}],"predecessor-version":[{"id":5647,"href":"https:\/\/bevrijdingsmuseumzeeland.nl\/de\/wp-json\/wp\/v2\/pages\/4012\/revisions\/5647"}],"wp:attachment":[{"href":"https:\/\/bevrijdingsmuseumzeeland.nl\/de\/wp-json\/wp\/v2\/media?parent=4012"}],"curies":[{"name":"wp","href":"https:\/\/api.w.org\/{rel}","templated":true}]}}