{"id":4027,"date":"2024-06-28T12:35:26","date_gmt":"2024-06-28T12:35:26","guid":{"rendered":"https:\/\/bevrijdingsmuseumzeeland.nl\/barrierefreiheit\/"},"modified":"2024-09-13T13:56:29","modified_gmt":"2024-09-13T13:56:29","slug":"barrierefreiheit","status":"publish","type":"page","link":"https:\/\/bevrijdingsmuseumzeeland.nl\/de\/barrierefreiheit\/","title":{"rendered":"Barrierefreiheit"},"content":{"rendered":"\t\t<div data-elementor-type=\"wp-page\" data-elementor-id=\"4027\" class=\"elementor elementor-4027 elementor-3328\" data-elementor-post-type=\"page\">\n\t\t\t\t\t\t<section class=\"elementor-section elementor-top-section elementor-element elementor-element-fa53b75 elementor-section-boxed elementor-section-height-default elementor-section-height-default elementor-invisible\" data-id=\"fa53b75\" data-element_type=\"section\" data-e-type=\"section\" data-settings=\"{&quot;animation&quot;:&quot;fadeInUp&quot;}\">\n\t\t\t\t\t\t<div class=\"elementor-container elementor-column-gap-default\">\n\t\t\t\t\t<div class=\"elementor-column elementor-col-50 elementor-top-column elementor-element elementor-element-bf8700f\" data-id=\"bf8700f\" data-element_type=\"column\" data-e-type=\"column\">\n\t\t\t<div class=\"elementor-widget-wrap elementor-element-populated\">\n\t\t\t\t\t\t<section class=\"elementor-section elementor-inner-section elementor-element elementor-element-eda7f95 elementor-section-boxed elementor-section-height-default elementor-section-height-default\" data-id=\"eda7f95\" data-element_type=\"section\" data-e-type=\"section\">\n\t\t\t\t\t\t<div class=\"elementor-container elementor-column-gap-default\">\n\t\t\t\t\t<div class=\"elementor-column elementor-col-50 elementor-inner-column elementor-element elementor-element-d4086d0\" data-id=\"d4086d0\" data-element_type=\"column\" data-e-type=\"column\">\n\t\t\t<div class=\"elementor-widget-wrap elementor-element-populated\">\n\t\t\t\t\t\t<div class=\"elementor-element elementor-element-a259fb3 hover-img elementor-widget elementor-widget-image\" data-id=\"a259fb3\" data-element_type=\"widget\" data-e-type=\"widget\" data-widget_type=\"image.default\">\n\t\t\t\t<div class=\"elementor-widget-container\">\n\t\t\t\t\t\t\t\t\t\t\t\t\t\t\t<img fetchpriority=\"high\" decoding=\"async\" width=\"310\" height=\"460\" src=\"https:\/\/bevrijdingsmuseumzeeland.nl\/wp-content\/uploads\/2024\/06\/toegankelijkheid-01.jpg\" class=\"attachment-large size-large wp-image-3347\" alt=\"\" srcset=\"https:\/\/bevrijdingsmuseumzeeland.nl\/wp-content\/uploads\/2024\/06\/toegankelijkheid-01.jpg 310w, https:\/\/bevrijdingsmuseumzeeland.nl\/wp-content\/uploads\/2024\/06\/toegankelijkheid-01-202x300.jpg 202w\" sizes=\"(max-width: 310px) 100vw, 310px\" \/>\t\t\t\t\t\t\t\t\t\t\t\t\t\t\t<\/div>\n\t\t\t\t<\/div>\n\t\t\t\t\t<\/div>\n\t\t<\/div>\n\t\t\t\t<div class=\"elementor-column elementor-col-50 elementor-inner-column elementor-element elementor-element-2708d2a elementor-hidden-mobile\" data-id=\"2708d2a\" data-element_type=\"column\" data-e-type=\"column\">\n\t\t\t<div class=\"elementor-widget-wrap elementor-element-populated\">\n\t\t\t\t\t\t<div class=\"elementor-element elementor-element-b831307 hover-img elementor-widget elementor-widget-image\" data-id=\"b831307\" data-element_type=\"widget\" data-e-type=\"widget\" data-widget_type=\"image.default\">\n\t\t\t\t<div class=\"elementor-widget-container\">\n\t\t\t\t\t\t\t\t\t\t\t\t\t\t\t<img decoding=\"async\" width=\"310\" height=\"460\" src=\"https:\/\/bevrijdingsmuseumzeeland.nl\/wp-content\/uploads\/2024\/06\/toegankelijkheid-02.jpg\" class=\"attachment-large size-large wp-image-3353\" alt=\"\" srcset=\"https:\/\/bevrijdingsmuseumzeeland.nl\/wp-content\/uploads\/2024\/06\/toegankelijkheid-02.jpg 310w, https:\/\/bevrijdingsmuseumzeeland.nl\/wp-content\/uploads\/2024\/06\/toegankelijkheid-02-202x300.jpg 202w\" sizes=\"(max-width: 310px) 100vw, 310px\" \/>\t\t\t\t\t\t\t\t\t\t\t\t\t\t\t<\/div>\n\t\t\t\t<\/div>\n\t\t\t\t\t<\/div>\n\t\t<\/div>\n\t\t\t\t\t<\/div>\n\t\t<\/section>\n\t\t\t\t\t<\/div>\n\t\t<\/div>\n\t\t\t\t<div class=\"elementor-column elementor-col-50 elementor-top-column elementor-element elementor-element-1304b51 text-margin\" data-id=\"1304b51\" data-element_type=\"column\" data-e-type=\"column\">\n\t\t\t<div class=\"elementor-widget-wrap elementor-element-populated\">\n\t\t\t\t\t\t<div class=\"elementor-element elementor-element-889cfa4 elementor-widget elementor-widget-heading\" data-id=\"889cfa4\" data-element_type=\"widget\" data-e-type=\"widget\" data-widget_type=\"heading.default\">\n\t\t\t\t<div class=\"elementor-widget-container\">\n\t\t\t\t\t<h2 class=\"elementor-heading-title elementor-size-default\">Jeder ist willkommen! <\/h2>\t\t\t\t<\/div>\n\t\t\t\t<\/div>\n\t\t\t\t<div class=\"elementor-element elementor-element-c8b58e4 elementor-widget elementor-widget-text-editor\" data-id=\"c8b58e4\" data-element_type=\"widget\" data-e-type=\"widget\" data-widget_type=\"text-editor.default\">\n\t\t\t\t<div class=\"elementor-widget-container\">\n\t\t\t\t\t\t\t\t\t<div class=\"flex flex-grow flex-col max-w-full\">\n<div class=\"min-h-[20px] text-message flex flex-col items-start whitespace-pre-wrap break-words [.text-message+&amp;]:mt-5 juice:w-full juice:items-end overflow-x-auto gap-2\" dir=\"auto\" data-message-author-role=\"assistant\" data-message-id=\"6ca33150-f963-49af-a804-042bc720154e\">\n<div class=\"flex w-full flex-col gap-1 juice:empty:hidden juice:first:pt-[3px]\">\n<div class=\"markdown prose w-full break-words dark:prose-invert light\">\n<p>Im Bevrijdungsmuseum Zeeland steht Barrierefreiheit an oberster Stelle. Wir m\u00f6chten sicherstellen, dass jeder, unabh\u00e4ngig von k\u00f6rperlichen Einschr\u00e4nkungen, die reiche Geschichte der Provinz Zeeland w\u00e4hrend des Zweiten Weltkriegs erleben kann. Deshalb haben wir verschiedene Ma\u00dfnahmen ergriffen, um unser Museum so barrierefrei wie m\u00f6glich zu gestalten. Egal, ob Sie als Besucher einen Rollstuhl, einen elektrischen Rollstuhl oder ein Elektromobil benutzen, wir tun unser Bestes, um Ihren Besuch angenehm und reibungslos zu gestalten. Im Folgenden finden Sie weitere Informationen zu den Einrichtungen und M\u00f6glichkeiten, die wir bieten, um Ihren Besuch so angenehm wie m\u00f6glich zu gestalten.<\/p>\n<\/div>\n<\/div>\n<\/div>\n<\/div>\n\t\t\t\t\t\t\t\t<\/div>\n\t\t\t\t<\/div>\n\t\t\t\t\t<\/div>\n\t\t<\/div>\n\t\t\t\t\t<\/div>\n\t\t<\/section>\n\t\t\t\t<section class=\"elementor-section elementor-top-section elementor-element elementor-element-63eb614 elementor-section-boxed elementor-section-height-default elementor-section-height-default elementor-invisible\" data-id=\"63eb614\" data-element_type=\"section\" data-e-type=\"section\" data-settings=\"{&quot;animation&quot;:&quot;fadeInUp&quot;}\">\n\t\t\t\t\t\t<div class=\"elementor-container elementor-column-gap-default\">\n\t\t\t\t\t<div class=\"elementor-column elementor-col-50 elementor-top-column elementor-element elementor-element-29af899\" data-id=\"29af899\" data-element_type=\"column\" data-e-type=\"column\">\n\t\t\t<div class=\"elementor-widget-wrap elementor-element-populated\">\n\t\t\t\t\t\t<section class=\"elementor-section elementor-inner-section elementor-element elementor-element-9ce781a elementor-section-boxed elementor-section-height-default elementor-section-height-default\" data-id=\"9ce781a\" data-element_type=\"section\" data-e-type=\"section\">\n\t\t\t\t\t\t<div class=\"elementor-container elementor-column-gap-default\">\n\t\t\t\t\t<div class=\"elementor-column elementor-col-100 elementor-inner-column elementor-element elementor-element-76eabf7 text-margin\" data-id=\"76eabf7\" data-element_type=\"column\" data-e-type=\"column\">\n\t\t\t<div class=\"elementor-widget-wrap elementor-element-populated\">\n\t\t\t\t\t\t<div class=\"elementor-element elementor-element-046d78f elementor-widget elementor-widget-heading\" data-id=\"046d78f\" data-element_type=\"widget\" data-e-type=\"widget\" data-widget_type=\"heading.default\">\n\t\t\t\t<div class=\"elementor-widget-container\">\n\t\t\t\t\t<h2 class=\"elementor-heading-title elementor-size-default\">Zug\u00e4nglichkeit und Einrichtungen  <\/h2>\t\t\t\t<\/div>\n\t\t\t\t<\/div>\n\t\t\t\t<div class=\"elementor-element elementor-element-485d767 elementor-widget elementor-widget-text-editor\" data-id=\"485d767\" data-element_type=\"widget\" data-e-type=\"widget\" data-widget_type=\"text-editor.default\">\n\t\t\t\t<div class=\"elementor-widget-container\">\n\t\t\t\t\t\t\t\t\t<ul>\n<li><strong>Aufz\u00fcge: <\/strong> Alle Etagen des Museums sind mit einem Aufzug erreichbar, sodass Sie sich bequem durch das Geb\u00e4ude bewegen k\u00f6nnen.\n<\/li>\n<li><strong>Rollst\u00fchle und Elektromobile: <\/strong> Das Museum ist zug\u00e4nglich f\u00fcr Rollst\u00fchle, elektrische Rollst\u00fchle und Elektromobile in der Gr\u00f6\u00dfe eines elektrischen Rollstuhls. Gr\u00f6\u00dfere Elektromobile passen leider nicht in unsere Aufz\u00fcge. Sie k\u00f6nnen Ihr Elektromobil jedoch bei uns parken und anschlie\u00dfend einen unserer Rollst\u00fchle benutzen.\n<\/li>\n<li><strong>Barrierefreie Wege und Pfade: <\/strong> Der umliegende Park des Bevrijdungsmuseums Zeeland ist ebenfalls gut zug\u00e4nglich f\u00fcr Besucher mit k\u00f6rperlichen Einschr\u00e4nkungen. Alle Wege sind befestigt und breit genug, um bequem mit einem Rollstuhl oder Elektromobil befahren zu werden. Entlang der Wege gibt es regelm\u00e4\u00dfig Ruhepunkte und Sitzgelegenheiten, sodass Sie die wundersch\u00f6ne Umgebung w\u00e4hrend Ihres Besuchs genie\u00dfen k\u00f6nnen.<\/li>\n<\/ul>\n\t\t\t\t\t\t\t\t<\/div>\n\t\t\t\t<\/div>\n\t\t\t\t\t<\/div>\n\t\t<\/div>\n\t\t\t\t\t<\/div>\n\t\t<\/section>\n\t\t\t\t<div class=\"elementor-element elementor-element-2c892ab elementor-widget elementor-widget-heading\" data-id=\"2c892ab\" data-element_type=\"widget\" data-e-type=\"widget\" data-widget_type=\"heading.default\">\n\t\t\t\t<div class=\"elementor-widget-container\">\n\t\t\t\t\t<h2 class=\"elementor-heading-title elementor-size-default\">Reservierung eines Rollstuhls<\/h2>\t\t\t\t<\/div>\n\t\t\t\t<\/div>\n\t\t\t\t<div class=\"elementor-element elementor-element-13ee90f elementor-widget elementor-widget-text-editor\" data-id=\"13ee90f\" data-element_type=\"widget\" data-e-type=\"widget\" data-widget_type=\"text-editor.default\">\n\t\t\t\t<div class=\"elementor-widget-container\">\n\t\t\t\t\t\t\t\t\t<p>M\u00f6chten Sie im Museum einen unserer Rollst\u00fchle benutzen? Wir haben mehrere Rollst\u00fchle zur Verf\u00fcgung, die Sie reservieren k\u00f6nnen. Kontaktieren Sie uns daf\u00fcr per E-Mail unter <a rel=\"noreferrer\">info@bmzeeland.nl<\/a> oder telefonisch unter 0113-671475.<\/p><\/p>\n\t\t\t\t\t\t\t\t<\/div>\n\t\t\t\t<\/div>\n\t\t\t\t\t<\/div>\n\t\t<\/div>\n\t\t\t\t<div class=\"elementor-column elementor-col-50 elementor-top-column elementor-element elementor-element-60d9385\" data-id=\"60d9385\" data-element_type=\"column\" data-e-type=\"column\">\n\t\t\t<div class=\"elementor-widget-wrap elementor-element-populated\">\n\t\t\t\t\t\t<div class=\"elementor-element elementor-element-bc6a161 hover-img elementor-widget elementor-widget-image\" data-id=\"bc6a161\" data-element_type=\"widget\" data-e-type=\"widget\" data-widget_type=\"image.default\">\n\t\t\t\t<div class=\"elementor-widget-container\">\n\t\t\t\t\t\t\t\t\t\t\t\t\t\t\t<img decoding=\"async\" width=\"310\" height=\"460\" src=\"https:\/\/bevrijdingsmuseumzeeland.nl\/wp-content\/uploads\/2024\/06\/toegankelijkheid-03.jpg\" class=\"attachment-large size-large wp-image-3350\" alt=\"\" srcset=\"https:\/\/bevrijdingsmuseumzeeland.nl\/wp-content\/uploads\/2024\/06\/toegankelijkheid-03.jpg 310w, https:\/\/bevrijdingsmuseumzeeland.nl\/wp-content\/uploads\/2024\/06\/toegankelijkheid-03-202x300.jpg 202w\" sizes=\"(max-width: 310px) 100vw, 310px\" \/>\t\t\t\t\t\t\t\t\t\t\t\t\t\t\t<\/div>\n\t\t\t\t<\/div>\n\t\t\t\t\t<\/div>\n\t\t<\/div>\n\t\t\t\t\t<\/div>\n\t\t<\/section>\n\t\t\t\t<\/div>\n\t\t","protected":false},"excerpt":{"rendered":"<p>Jeder ist willkommen! Im Bevrijdungsmuseum Zeeland steht Barrierefreiheit an oberster Stelle. Wir m\u00f6chten sicherstellen, dass jeder, unabh\u00e4ngig von k\u00f6rperlichen Einschr\u00e4nkungen, [&hellip;]<\/p>\n","protected":false},"author":1,"featured_media":0,"parent":0,"menu_order":0,"comment_status":"closed","ping_status":"closed","template":"","meta":{"om_disable_all_campaigns":false,"_monsterinsights_skip_tracking":false,"_monsterinsights_sitenote_active":false,"_monsterinsights_sitenote_note":"","_monsterinsights_sitenote_category":0,"_uf_show_specific_survey":0,"_uf_disable_surveys":false,"footnotes":""},"class_list":["post-4027","page","type-page","status-publish","hentry"],"aioseo_notices":[],"_links":{"self":[{"href":"https:\/\/bevrijdingsmuseumzeeland.nl\/de\/wp-json\/wp\/v2\/pages\/4027","targetHints":{"allow":["GET"]}}],"collection":[{"href":"https:\/\/bevrijdingsmuseumzeeland.nl\/de\/wp-json\/wp\/v2\/pages"}],"about":[{"href":"https:\/\/bevrijdingsmuseumzeeland.nl\/de\/wp-json\/wp\/v2\/types\/page"}],"author":[{"embeddable":true,"href":"https:\/\/bevrijdingsmuseumzeeland.nl\/de\/wp-json\/wp\/v2\/users\/1"}],"replies":[{"embeddable":true,"href":"https:\/\/bevrijdingsmuseumzeeland.nl\/de\/wp-json\/wp\/v2\/comments?post=4027"}],"version-history":[{"count":4,"href":"https:\/\/bevrijdingsmuseumzeeland.nl\/de\/wp-json\/wp\/v2\/pages\/4027\/revisions"}],"predecessor-version":[{"id":5683,"href":"https:\/\/bevrijdingsmuseumzeeland.nl\/de\/wp-json\/wp\/v2\/pages\/4027\/revisions\/5683"}],"wp:attachment":[{"href":"https:\/\/bevrijdingsmuseumzeeland.nl\/de\/wp-json\/wp\/v2\/media?parent=4027"}],"curies":[{"name":"wp","href":"https:\/\/api.w.org\/{rel}","templated":true}]}}